{"id":755,"date":"2019-05-16T07:43:39","date_gmt":"2019-05-16T07:43:39","guid":{"rendered":"https:\/\/www.sunvita.hu\/sales\/"},"modified":"2019-10-01T13:08:19","modified_gmt":"2019-10-01T13:08:19","slug":"sales","status":"publish","type":"page","link":"https:\/\/www.sunvita.hu\/hu\/sales\/","title":{"rendered":"\u00c9rt\u00e9kes\u00edt\u00e9s"},"content":{"rendered":"<!--themify_builder_content-->\n<div id=\"themify_builder_content-755\" data-postid=\"755\" class=\"themify_builder_content themify_builder_content-755 themify_builder tf_clear\">\n    \t\t\t\t<div  data-lazy=\"1\" class=\"module_row themify_builder_row fullcover-bg tb_y8gx48 tb_first tf_w\">\n\t\t\t<span class=\"builder_row_cover tf_abs\"><\/span>\t\t\t<div class=\"row_inner col_align_top tb_col_count_1 tf_box tf_rel\">\n\t\t\t\t\t\t<div  data-lazy=\"1\" class=\"module_column tb-column col-full tb_16tb49 first\">\n\t\t\t\t\t\t\t<\/div>\n\t\t\t\t\t\t<\/div>\n\t\t<\/div>\n\t\t\t\t\t\t<div  data-lazy=\"1\" class=\"module_row themify_builder_row tb_5lww278 tf_w\">\n\t\t\t\t\t\t<div class=\"row_inner col_align_top tb_col_count_2 tf_box tf_rel\">\n\t\t\t\t\t\t<div  data-lazy=\"1\" class=\"module_column tb-column col4-2 tb_gsm7278 first\">\n\t\t\t\t\t<!-- module text -->\n<div  class=\"module module-text tb_y583279  repeat  wow\" data-tf-animation=\"fadeInLeft\" data-lazy=\"1\">\n\t    <div  class=\"tb_text_wrap\">\n\t\t<h1>\u00c9rt\u00e9kes\u00edt\u00e9s<\/h1>    <\/div>\n<\/div>\n<!-- \/module text -->\t\t<\/div>\n\t\t\t\t\t<div  data-lazy=\"1\" class=\"module_column tb-column col4-2 tb_roro279 last\">\n\t\t\t\t\t\t\t<\/div>\n\t\t\t\t\t\t<\/div>\n\t\t<\/div>\n\t\t\t\t\t\t<div  data-lazy=\"1\" class=\"module_row themify_builder_row tb_u3h5321 tf_w\">\n\t\t\t\t\t\t<div class=\"row_inner col_align_middle tb_col_count_2 tf_box tf_rel\">\n\t\t\t\t\t\t<div  data-lazy=\"1\" class=\"module_column tb-column col4-2 tb_yv6e322 first\">\n\t\t\t\t\t<!-- module text -->\n<div  class=\"module module-text tb_f3pu323    wow\" data-tf-animation=\"fadeInLeft\" data-lazy=\"1\">\n\t    <div  class=\"tb_text_wrap\">\n\t\t<p>Gy\u00fcm\u00f6lcsszeleteink m\u00e1r 15 orsz\u00e1g piac\u00e1n \u00e9rhet\u0151ek el, \u00e9s ez a sz\u00e1m folyamatosan n\u00f6vekszik. A f\u0151 \u00e9rt\u00e9kes\u00edt\u00e9si csatorn\u00e1ink a glob\u00e1lis \u00e9lelmiszer l\u00e1ncok (Tesco, Spar, Auchan, Selver), helyi keresked\u0151k, drog\u00e9ri\u00e1k (Rossman, DM, M\u00fcller), bio boltok, sport \u00e9s fitnesz h\u00e1l\u00f3zatok, valamint benzinkutak \u00e9s automat\u00e1k.<br \/>Nyitottak vagyunk \u00e9s t\u00f6reksz\u00fcnk \u00faj \u00e9s tov\u00e1bbi egy\u00fcttm\u0171k\u00f6d\u00e9sek kialak\u00edt\u00e1s\u00e1ra a m\u00e1r megl\u00e9v\u0151 \u00e9s potenci\u00e1lis forgalmaz\u00f3kkal, viszontelad\u00f3kkal \u00e9s partnerekkel egyar\u00e1nt.<br \/><br \/><\/p>    <\/div>\n<\/div>\n<!-- \/module text -->\t\t<\/div>\n\t\t\t\t\t<div  data-lazy=\"1\" class=\"module_column tb-column col4-2 tb_vcvv325 last\">\n\t\t\t\t\t<!-- module image -->\n<div  class=\"module module-image tb_9wc9326 image-right   tf_mw wow\" data-tf-animation=\"fadeInRight\" data-lazy=\"1\">\n        <div class=\"image-wrap tf_rel tf_mw\">\n\t\t    <img decoding=\"async\" src=\"https:\/\/www.sunvita.hu\/wp-content\/uploads\/2019\/10\/sunvita_europe-v1_1787x1380-2-1024x791-453x350.png\" height=\"350\" class=\"wp-post-image wp-image-1461\" title=\"sunvita_europe-v1_1787x1380-2\" alt=\"sunvita_europe-v1_1787x1380-2\">\t\n\t\t<\/div>\n\t<!-- \/image-wrap -->\n    \n    \t<\/div>\n<!-- \/module image -->\t\t<\/div>\n\t\t\t\t\t\t<\/div>\n\t\t<\/div>\n\t\t\t\t\t\t<div  data-anchor=\"private-label\" data-lazy=\"1\" class=\"module_row themify_builder_row tb_has_section tb_section-private-label tb_jzgq848 tf_w\">\n\t\t\t\t\t\t<div class=\"row_inner direction_rtl col_align_middle tb_col_count_1 tf_box tf_rel\">\n\t\t\t\t\t\t<div  data-lazy=\"1\" class=\"module_column tb-column col-full tb_e6rc855 first\">\n\t\t\t\t\t<!-- module image -->\n<div  class=\"module module-image tb_vbnb560 image-left   tf_mw\" data-lazy=\"1\">\n        <div class=\"image-wrap tf_rel tf_mw\">\n\t\t    <img loading=\"lazy\" decoding=\"async\" src=\"https:\/\/www.sunvita.hu\/wp-content\/uploads\/2019\/08\/Eper-\u00e9s-Szeder-370x250-200x150.png\" width=\"200\" height=\"150\" title=\"\u00c9rt\u00e9kes\u00edt\u00e9s\" alt=\"\u00c9rt\u00e9kes\u00edt\u00e9s\">\t\n\t\t<\/div>\n\t<!-- \/image-wrap -->\n    \n    \t<\/div>\n<!-- \/module image --><!-- module text -->\n<div  class=\"module module-text tb_5ehl435    wow\" data-tf-animation=\"fadeInDown\" data-lazy=\"1\">\n\t    <div  class=\"tb_text_wrap\">\n\t\t<h1>Private label<\/h1>    <\/div>\n<\/div>\n<!-- \/module text -->\t\t<\/div>\n\t\t\t\t\t\t<\/div>\n\t\t<\/div>\n\t\t\t\t\t\t<div  data-anchor=\"private-label\" data-lazy=\"1\" class=\"module_row themify_builder_row tb_has_section tb_section-private-label tb_esno405 tf_w\">\n\t\t\t\t\t\t<div class=\"row_inner direction_rtl col_align_middle tb_col_count_2 tf_box tf_rel\">\n\t\t\t\t\t\t<div  data-lazy=\"1\" class=\"module_column tb-column col4-2 tb_f59l413 first\">\n\t\t\t\t\t\t\t<div  data-lazy=\"1\" class=\"module_subrow themify_builder_sub_row tf_w gutter-none col_align_top tb_col_count_2 tb_8mrd560 wow\" data-tf-animation=\"fadeInLeft\">\n\t\t\t\t<div  data-lazy=\"1\" class=\"module_column sub_column col4-2 tb_0ybe562 first\">\n\t\t\t\t\t<!-- module image -->\n<div  class=\"module module-image tb_u017664 image-center   tf_mw\" data-lazy=\"1\">\n        <div class=\"image-wrap tf_rel tf_mw\">\n\t\t    <img loading=\"lazy\" decoding=\"async\" src=\"https:\/\/www.sunvita.hu\/wp-content\/uploads\/2019\/07\/Tesco-300x300-150x150.png\" width=\"150\" height=\"150\" title=\"\u00c9rt\u00e9kes\u00edt\u00e9s\" alt=\"\u00c9rt\u00e9kes\u00edt\u00e9s\">\t\n\t\t<\/div>\n\t<!-- \/image-wrap -->\n    \n    \t<\/div>\n<!-- \/module image -->\t\t<\/div>\n\t\t\t\t\t<div  data-lazy=\"1\" class=\"module_column sub_column col4-2 tb_v1k6564 last\">\n\t\t\t\t\t<!-- module image -->\n<div  class=\"module module-image tb_36ot17 image-center   tf_mw\" data-lazy=\"1\">\n        <div class=\"image-wrap tf_rel tf_mw\">\n\t\t    <img loading=\"lazy\" decoding=\"async\" src=\"https:\/\/www.sunvita.hu\/wp-content\/uploads\/2019\/06\/Metro-300x300-150x150.png\" width=\"150\" height=\"150\" title=\"\u00c9rt\u00e9kes\u00edt\u00e9s\" alt=\"\u00c9rt\u00e9kes\u00edt\u00e9s\">\t\n\t\t<\/div>\n\t<!-- \/image-wrap -->\n    \n    \t<\/div>\n<!-- \/module image -->\t\t<\/div>\n\t\t\t\t\t<\/div>\n\t\t\t\t<div  data-lazy=\"1\" class=\"module_subrow themify_builder_sub_row tf_w gutter-none col_align_top tb_col_count_2 tb_4sbk693 wow\" data-tf-animation=\"fadeInLeft\">\n\t\t\t\t<div  data-lazy=\"1\" class=\"module_column sub_column col4-2 tb_nudm694 first\">\n\t\t\t\t\t<!-- module image -->\n<div  class=\"module module-image tb_s0z0696 image-center   tf_mw\" data-lazy=\"1\">\n        <div class=\"image-wrap tf_rel tf_mw\">\n\t\t    <img loading=\"lazy\" decoding=\"async\" src=\"https:\/\/www.sunvita.hu\/wp-content\/uploads\/2019\/06\/Despar-300x300-150x150.png\" width=\"150\" height=\"150\" title=\"\u00c9rt\u00e9kes\u00edt\u00e9s\" alt=\"\u00c9rt\u00e9kes\u00edt\u00e9s\">\t\n\t\t<\/div>\n\t<!-- \/image-wrap -->\n    \n    \t<\/div>\n<!-- \/module image -->\t\t<\/div>\n\t\t\t\t\t<div  data-lazy=\"1\" class=\"module_column sub_column col4-2 tb_7c5b695 last\">\n\t\t\t\t\t<!-- module image -->\n<div  class=\"module module-image tb_g5hj909 image-center   tf_mw\" data-lazy=\"1\">\n        <div class=\"image-wrap tf_rel tf_mw\">\n\t\t    <img loading=\"lazy\" decoding=\"async\" src=\"https:\/\/www.sunvita.hu\/wp-content\/uploads\/2019\/06\/Auchan-300x300-150x150.png\" width=\"150\" height=\"150\" title=\"\u00c9rt\u00e9kes\u00edt\u00e9s\" alt=\"\u00c9rt\u00e9kes\u00edt\u00e9s\">\t\n\t\t<\/div>\n\t<!-- \/image-wrap -->\n    \n    \t<\/div>\n<!-- \/module image -->\t\t<\/div>\n\t\t\t\t\t<\/div>\n\t\t\t\t<div  data-lazy=\"1\" class=\"module_subrow themify_builder_sub_row tf_w gutter-none col_align_top tb_col_count_2 tb_hpv3900 wow\" data-tf-animation=\"fadeInLeft\">\n\t\t\t\t<div  data-lazy=\"1\" class=\"module_column sub_column col4-2 tb_qmz2901 first\">\n\t\t\t\t\t<!-- module image -->\n<div  class=\"module module-image tb_ad45695 image-center   tf_mw\" data-lazy=\"1\">\n        <div class=\"image-wrap tf_rel tf_mw\">\n\t\t    <img loading=\"lazy\" decoding=\"async\" src=\"https:\/\/www.sunvita.hu\/wp-content\/uploads\/2019\/06\/Lidl-V1-300x300-150x150.png\" width=\"150\" height=\"150\" title=\"\u00c9rt\u00e9kes\u00edt\u00e9s\" alt=\"\u00c9rt\u00e9kes\u00edt\u00e9s\">\t\n\t\t<\/div>\n\t<!-- \/image-wrap -->\n    \n    \t<\/div>\n<!-- \/module image -->\t\t<\/div>\n\t\t\t\t\t<div  data-lazy=\"1\" class=\"module_column sub_column col4-2 tb_f9u4902 last\">\n\t\t\t\t\t<!-- module image -->\n<div  class=\"module module-image tb_xjjc492 image-center   tf_mw\" data-lazy=\"1\">\n        <div class=\"image-wrap tf_rel tf_mw\">\n\t\t    <img loading=\"lazy\" decoding=\"async\" src=\"https:\/\/www.sunvita.hu\/wp-content\/uploads\/2019\/09\/Roucadil-300x300-150x150.png\" width=\"150\" height=\"150\" title=\"\u00c9rt\u00e9kes\u00edt\u00e9s\" alt=\"\u00c9rt\u00e9kes\u00edt\u00e9s\">\t\n\t\t<\/div>\n\t<!-- \/image-wrap -->\n    \n    \t<\/div>\n<!-- \/module image -->\t\t<\/div>\n\t\t\t\t\t<\/div>\n\t\t\t\t<\/div>\n\t\t\t\t\t<div  data-lazy=\"1\" class=\"module_column tb-column col4-2 tb_rx5e409 last\">\n\t\t\t\t\t<!-- module text -->\n<div  class=\"module module-text tb_1fdi412    wow\" data-tf-animation=\"fadeInRight\" data-lazy=\"1\">\n\t    <div  class=\"tb_text_wrap\">\n\t\t<p>A b\u00e9rcsomagol\u00e1s ter\u00fclet\u00e9n is er\u0151s j\u00e1t\u00e9kosok vagyunk. Olyan \u00fcgyfeleket tudhatunk magunk mellet, mint a Lidl, Tesco, Auchan, Roucadil.<br \/>Hossz\u00fa \u00e9vek tapasztalat\u00e1val rendelkez\u00fcnk k\u00fcl\u00f6nb\u00f6z\u0151 fajta gy\u00fcm\u00f6lcsszeletek fejleszt\u00e9s\u00e9nek ter\u00fclet\u00e9n.<br \/>Ha saj\u00e1t gy\u00fcm\u00f6lcsszelet l\u00e9trehoz\u00e1s\u00e1t tervezi, akkor v\u00e1rjuk jelentkez\u00e9s\u00e9t, hogy seg\u00edthess\u00fcnk megval\u00f3s\u00edtani az \u00d6n elk\u00e9pzel\u00e9seit, terveit!<\/p>    <\/div>\n<\/div>\n<!-- \/module text -->\t\t<\/div>\n\t\t\t\t\t\t<\/div>\n\t\t<\/div>\n\t\t<\/div>\n<!--\/themify_builder_content-->","protected":false},"excerpt":{"rendered":"<p>\u00c9rt\u00e9kes\u00edt\u00e9s Gy\u00fcm\u00f6lcsszeleteink m\u00e1r 15 orsz\u00e1g piac\u00e1n \u00e9rhet\u0151ek el, \u00e9s ez a sz\u00e1m folyamatosan n\u00f6vekszik. A f\u0151 \u00e9rt\u00e9kes\u00edt\u00e9si csatorn\u00e1ink a glob\u00e1lis \u00e9lelmiszer l\u00e1ncok (Tesco, Spar, Auchan, Selver), helyi keresked\u0151k, drog\u00e9ri\u00e1k (Rossman, DM, M\u00fcller), bio boltok, sport \u00e9s fitnesz h\u00e1l\u00f3zatok, valamint benzinkutak \u00e9s automat\u00e1k.Nyitottak vagyunk \u00e9s t\u00f6reksz\u00fcnk \u00faj \u00e9s tov\u00e1bbi egy\u00fcttm\u0171k\u00f6d\u00e9sek kialak\u00edt\u00e1s\u00e1ra a m\u00e1r megl\u00e9v\u0151 \u00e9s potenci\u00e1lis [&hellip;]<\/p>\n","protected":false},"author":1,"featured_media":0,"parent":0,"menu_order":0,"comment_status":"closed","ping_status":"closed","template":"","meta":{"footnotes":""},"_links":{"self":[{"href":"https:\/\/www.sunvita.hu\/hu\/wp-json\/wp\/v2\/pages\/755"}],"collection":[{"href":"https:\/\/www.sunvita.hu\/hu\/wp-json\/wp\/v2\/pages"}],"about":[{"href":"https:\/\/www.sunvita.hu\/hu\/wp-json\/wp\/v2\/types\/page"}],"author":[{"embeddable":true,"href":"https:\/\/www.sunvita.hu\/hu\/wp-json\/wp\/v2\/users\/1"}],"replies":[{"embeddable":true,"href":"https:\/\/www.sunvita.hu\/hu\/wp-json\/wp\/v2\/comments?post=755"}],"version-history":[{"count":61,"href":"https:\/\/www.sunvita.hu\/hu\/wp-json\/wp\/v2\/pages\/755\/revisions"}],"predecessor-version":[{"id":1463,"href":"https:\/\/www.sunvita.hu\/hu\/wp-json\/wp\/v2\/pages\/755\/revisions\/1463"}],"wp:attachment":[{"href":"https:\/\/www.sunvita.hu\/hu\/wp-json\/wp\/v2\/media?parent=755"}],"curies":[{"name":"wp","href":"https:\/\/api.w.org\/{rel}","templated":true}]}}