{"id":751,"date":"2019-05-16T07:42:56","date_gmt":"2019-05-16T07:42:56","guid":{"rendered":"https:\/\/www.sunvita.hu\/company\/"},"modified":"2019-09-30T15:03:19","modified_gmt":"2019-09-30T15:03:19","slug":"rolunk","status":"publish","type":"page","link":"https:\/\/www.sunvita.hu\/hu\/rolunk\/","title":{"rendered":"R\u00f3lunk"},"content":{"rendered":"<!--themify_builder_content-->\n<div id=\"themify_builder_content-751\" data-postid=\"751\" class=\"themify_builder_content themify_builder_content-751 themify_builder tf_clear\">\n    \t\t\t\t<div  data-lazy=\"1\" class=\"module_row themify_builder_row fullcover-bg tb_h0kh136 tb_first tf_w\">\n\t\t\t<span class=\"builder_row_cover tf_abs\"><\/span>\t\t\t<div class=\"row_inner col_align_top tb_col_count_1 tf_box tf_rel\">\n\t\t\t\t\t\t<div  data-lazy=\"1\" class=\"module_column tb-column col-full tb_srnw137 first\">\n\t\t\t\t\t\t\t<\/div>\n\t\t\t\t\t\t<\/div>\n\t\t<\/div>\n\t\t\t\t\t\t<div  data-lazy=\"1\" class=\"module_row themify_builder_row tb_4354670 tf_w\">\n\t\t\t\t\t\t<div class=\"row_inner col_align_top tb_col_count_2 tf_box tf_rel\">\n\t\t\t\t\t\t<div  data-lazy=\"1\" class=\"module_column tb-column col4-2 tb_29cw670 first\">\n\t\t\t\t\t<!-- module text -->\n<div  class=\"module module-text tb_16b6533  repeat  wow\" data-tf-animation=\"fadeIn\" data-lazy=\"1\">\n\t    <div  class=\"tb_text_wrap\">\n\t\t<h1>R\u00f3lunk<\/h1>    <\/div>\n<\/div>\n<!-- \/module text -->\t\t<\/div>\n\t\t\t\t\t<div  data-lazy=\"1\" class=\"module_column tb-column col4-2 tb_vmnq886 last\">\n\t\t\t\t\t\t\t<\/div>\n\t\t\t\t\t\t<\/div>\n\t\t<\/div>\n\t\t\t\t\t\t<div  data-lazy=\"1\" class=\"module_row themify_builder_row tb_cfjg264 tf_w\">\n\t\t\t\t\t\t<div class=\"row_inner col_align_top tb_col_count_2 tf_box tf_rel\">\n\t\t\t\t\t\t<div  data-lazy=\"1\" class=\"module_column tb-column col4-2 tb_x8no266 first\">\n\t\t\t\t\t<!-- module image -->\n<div  class=\"module module-image tb_umxa266 image-right   tf_mw hide-mobile\" data-lazy=\"1\">\n        <div class=\"image-wrap tf_rel tf_mw\">\n\t\t    <img loading=\"lazy\" decoding=\"async\" src=\"https:\/\/www.sunvita.hu\/wp-content\/uploads\/2019\/08\/Szeder-325x171-190x100.png\" width=\"190\" height=\"100\" title=\"R\u00f3lunk\" alt=\"R\u00f3lunk\">\t\n\t\t<\/div>\n\t<!-- \/image-wrap -->\n    \n    \t<\/div>\n<!-- \/module image -->\t\t<\/div>\n\t\t\t\t\t<div  data-lazy=\"1\" class=\"module_column tb-column col4-2 tb_8luh268 last\">\n\t\t\t\t\t<!-- module image -->\n<div  class=\"module module-image tb_n17j268 image-center   tf_mw\" data-lazy=\"1\">\n        <div class=\"image-wrap tf_rel tf_mw\">\n\t\t    <img loading=\"lazy\" decoding=\"async\" src=\"https:\/\/www.sunvita.hu\/wp-content\/uploads\/2019\/08\/M\u00e1lna-114x156-100x120.png\" width=\"100\" height=\"120\" title=\"R\u00f3lunk\" alt=\"R\u00f3lunk\">\t\n\t\t<\/div>\n\t<!-- \/image-wrap -->\n    \n    \t<\/div>\n<!-- \/module image -->\t\t<\/div>\n\t\t\t\t\t\t<\/div>\n\t\t<\/div>\n\t\t\t\t\t\t<div  data-lazy=\"1\" class=\"module_row themify_builder_row tb_h8g6262 tf_w\">\n\t\t\t\t\t\t<div class=\"row_inner gutter-none col_align_middle tb_col_count_1 tf_box tf_rel\">\n\t\t\t\t\t\t<div  data-lazy=\"1\" class=\"module_column tb-column col-full tb_yjm5263 first\">\n\t\t\t\t\t<!-- module text -->\n<div  class=\"module module-text tb_fjcn264  no-repeat  wow\" data-tf-animation=\"fadeIn\" data-lazy=\"1\">\n\t    <div  class=\"tb_text_wrap\">\n\t\t<p>A Sunvita a magyarorsz\u00e1gi gy\u00fcm\u00f6lcsszelet gy\u00e1rt\u00e1sban sok \u00e9ves tapasztalattal rendelkez\u0151 Iwinex Kft saj\u00e1t m\u00e1rkaneve. A v\u00edzi\u00f3 a Sunvita m\u00e1rkan\u00e9v m\u00f6g\u00f6tt egy egyszer\u0171, b\u00e1rhova magunkkal vihet\u0151 \u00e9s \u00e9lvezhet\u0151, energi\u00e1ban gazdag \u00e9s nem utols\u00f3 sorban eg\u00e9szs\u00e9ges snack csal\u00e1d l\u00e9trehoz\u00e1sa volt.<\/p>\n<p>15 \u00e9vet t\u00f6lt\u00f6tt\u00fcnk egy olyan gy\u00e1rt\u00e1si folyamat kifejleszt\u00e9s\u00e9vel, ami egyed\u00fcl\u00e1ll\u00f3 m\u00f3don lehet\u0151v\u00e9 teszi a gy\u00e1rt\u00e1s folyam\u00e1n alapanyagk\u00e9nt felhaszn\u00e1lt gy\u00fcm\u00f6lcs\u00f6k fantasztikus \u00edzvil\u00e1g\u00e1nak, magas antioxid\u00e1ns \u00e9s t\u00e1panyag tartalm\u00e1nak meg\u0151rz\u00e9s\u00e9t. <br \/>A 3000 n\u00e9gyzetm\u00e9teren elhelyezked\u0151 modern \u00fczem\u00fcnk megfelel a nemzetk\u00f6zi IFS szabv\u00e1ny elv\u00e1r\u00e1sainak.<\/p>\n<p>Mind a 110 munkat\u00e1rsunkkal kem\u00e9nyen dolgozunk azon, hogy term\u00e9keink val\u00f3di \u00e9s egyszer\u0171 \u00f6sszetev\u0151kb\u0151l k\u00e9sz\u00fclhessenek. Hisz\u00fcnk abban, hogy csakis a term\u00e9szetes \u00e9lelmiszerek rendelkeznek a legmagasabb t\u00e1p\u00e9rt\u00e9kkel \u00e9s alkalmasak legjobban az \u00e9hs\u00e9g csillap\u00edt\u00e1s\u00e1ra.<\/p>\n<p>C\u00e9lunk az eg\u00e9szs\u00e9ges snack fogyaszt\u00e1s megk\u00f6nny\u00edt\u00e9se. Nincs sz\u00fcks\u00e9g a gy\u00fcm\u00f6lcs mos\u00e1s\u00e1ra, h\u00e1moz\u00e1s\u00e1ra, szeletel\u00e9s\u00e9re. Tov\u00e1bb\u00e1 term\u00e9keink nem tartalmaznak hozz\u00e1adott \u00edzes\u00edt\u0151t, sz\u00ednez\u00e9ket \u00e9s nem tr\u00fckk\u00f6z\u00fcnk cukor hozz\u00e1ad\u00e1s\u00e1val.<\/p>\n<p>Gy\u00fcm\u00f6lcsszeleteink m\u00e1r 15 orsz\u00e1g piac\u00e1n \u00e9rhet\u0151ek el, \u00e9s ez a sz\u00e1m folyamatosan b\u0151v\u00fcl.<br \/>A f\u0151 \u00e9rt\u00e9kes\u00edt\u00e9si csatorn\u00e1ink a glob\u00e1lis \u00e9lelmiszer l\u00e1ncok (Tesco, Spar, Auchan, Selver, Rimi, Colruyt, Carrefour, Kaufland), helyi keresked\u0151k, drog\u00e9ri\u00e1k (Rossmann, DM, M\u00fcller), bio boltok, sport \u00e9s fitnesz h\u00e1l\u00f3zatok, valamint benzinkutak \u00e9s automat\u00e1k. Nyitottak vagyunk \u00e9s t\u00f6reksz\u00fcnk \u00faj \u00e9s tov\u00e1bbi egy\u00fcttm\u0171k\u00f6d\u00e9sek kialak\u00edt\u00e1s\u00e1ra a m\u00e1r megl\u00e9v\u0151 \u00e9s potenci\u00e1lis forgalmaz\u00f3kkal, viszontelad\u00f3kkal \u00e9s partnerekkel egyar\u00e1nt.<\/p>\n<p>A b\u00e9rcsomagol\u00e1s ter\u00fclet\u00e9n is er\u0151s j\u00e1t\u00e9kosok vagyunk. Olyan \u00fcgyfeleket tudhatunk magunk mellet, mint a Lidl, Tesco, Auchan.<\/p>    <\/div>\n<\/div>\n<!-- \/module text --><!-- module image -->\n<div  class=\"module module-image tb_owwl264 image-center   tf_mw hide-mobile\" data-lazy=\"1\">\n        <div class=\"image-wrap tf_rel tf_mw\">\n\t\t    <img decoding=\"async\" src=\"https:\/\/www.sunvita.hu\/wp-content\/uploads\/2019\/08\/Levelek-341x154-279x100.png\" height=\"100\" title=\"R\u00f3lunk\" alt=\"R\u00f3lunk\">\t\n\t\t<\/div>\n\t<!-- \/image-wrap -->\n    \n    \t<\/div>\n<!-- \/module image --><!-- module image -->\n<div  class=\"module module-image tb_7euw129 image-center   tf_mw wow\" data-tf-animation=\"fadeIn\" data-lazy=\"1\">\n        <div class=\"image-wrap tf_rel tf_mw\">\n\t\t    <img loading=\"lazy\" decoding=\"async\" src=\"https:\/\/www.sunvita.hu\/wp-content\/uploads\/2019\/05\/Iwinex-company-1024x395-750x289.png\" width=\"750\" height=\"289\" class=\"wp-post-image wp-image-752\" title=\"Iwinex company\" alt=\"Iwinex company\" srcset=\"https:\/\/www.sunvita.hu\/wp-content\/uploads\/2019\/05\/Iwinex-company-1024x395-750x289.png 750w, https:\/\/www.sunvita.hu\/wp-content\/uploads\/2019\/05\/Iwinex-company-300x116.png 300w, https:\/\/www.sunvita.hu\/wp-content\/uploads\/2019\/05\/Iwinex-company-768x296.png 768w, https:\/\/www.sunvita.hu\/wp-content\/uploads\/2019\/05\/Iwinex-company-1024x395.png 1024w, https:\/\/www.sunvita.hu\/wp-content\/uploads\/2019\/05\/Iwinex-company-600x231.png 600w, https:\/\/www.sunvita.hu\/wp-content\/uploads\/2019\/05\/Iwinex-company-1024x395-450x173.png 450w, https:\/\/www.sunvita.hu\/wp-content\/uploads\/2019\/05\/Iwinex-company.png 1170w\" sizes=\"(max-width: 750px) 100vw, 750px\" \/>\t\n\t\t<\/div>\n\t<!-- \/image-wrap -->\n    \n    \t<\/div>\n<!-- \/module image -->\t\t<\/div>\n\t\t\t\t\t\t<\/div>\n\t\t<\/div>\n\t\t<\/div>\n<!--\/themify_builder_content-->","protected":false},"excerpt":{"rendered":"<p>R\u00f3lunk A Sunvita a magyarorsz\u00e1gi gy\u00fcm\u00f6lcsszelet gy\u00e1rt\u00e1sban sok \u00e9ves tapasztalattal rendelkez\u0151 Iwinex Kft saj\u00e1t m\u00e1rkaneve. A v\u00edzi\u00f3 a Sunvita m\u00e1rkan\u00e9v m\u00f6g\u00f6tt egy egyszer\u0171, b\u00e1rhova magunkkal vihet\u0151 \u00e9s \u00e9lvezhet\u0151, energi\u00e1ban gazdag \u00e9s nem utols\u00f3 sorban eg\u00e9szs\u00e9ges snack csal\u00e1d l\u00e9trehoz\u00e1sa volt. 15 \u00e9vet t\u00f6lt\u00f6tt\u00fcnk egy olyan gy\u00e1rt\u00e1si folyamat kifejleszt\u00e9s\u00e9vel, ami egyed\u00fcl\u00e1ll\u00f3 m\u00f3don lehet\u0151v\u00e9 teszi a gy\u00e1rt\u00e1s folyam\u00e1n [&hellip;]<\/p>\n","protected":false},"author":1,"featured_media":0,"parent":0,"menu_order":0,"comment_status":"closed","ping_status":"closed","template":"","meta":{"footnotes":""},"_links":{"self":[{"href":"https:\/\/www.sunvita.hu\/hu\/wp-json\/wp\/v2\/pages\/751"}],"collection":[{"href":"https:\/\/www.sunvita.hu\/hu\/wp-json\/wp\/v2\/pages"}],"about":[{"href":"https:\/\/www.sunvita.hu\/hu\/wp-json\/wp\/v2\/types\/page"}],"author":[{"embeddable":true,"href":"https:\/\/www.sunvita.hu\/hu\/wp-json\/wp\/v2\/users\/1"}],"replies":[{"embeddable":true,"href":"https:\/\/www.sunvita.hu\/hu\/wp-json\/wp\/v2\/comments?post=751"}],"version-history":[{"count":85,"href":"https:\/\/www.sunvita.hu\/hu\/wp-json\/wp\/v2\/pages\/751\/revisions"}],"predecessor-version":[{"id":1425,"href":"https:\/\/www.sunvita.hu\/hu\/wp-json\/wp\/v2\/pages\/751\/revisions\/1425"}],"wp:attachment":[{"href":"https:\/\/www.sunvita.hu\/hu\/wp-json\/wp\/v2\/media?parent=751"}],"curies":[{"name":"wp","href":"https:\/\/api.w.org\/{rel}","templated":true}]}}