{"id":727,"date":"2019-05-16T07:42:29","date_gmt":"2019-05-16T07:42:29","guid":{"rendered":"http:\/\/sunvita.iwinex.hu\/home\/"},"modified":"2023-12-20T16:13:47","modified_gmt":"2023-12-20T16:13:47","slug":"kezdolap","status":"publish","type":"page","link":"https:\/\/www.sunvita.hu\/hu\/","title":{"rendered":"Kezd\u0151lap"},"content":{"rendered":"<!--themify_builder_content-->\n<div id=\"themify_builder_content-727\" data-postid=\"727\" class=\"themify_builder_content themify_builder_content-727 themify_builder tf_clear\">\n    \t\t\t\t<div  data-lazy=\"1\" class=\"module_row themify_builder_row fullcover-bg tb_86sw380 tb_first tf_w\">\n\t\t\t<span class=\"builder_row_cover tf_abs\"><\/span>\t\t\t<div class=\"row_inner col_align_top tb_col_count_1 tf_box tf_rel\">\n\t\t\t\t\t\t<div  data-lazy=\"1\" class=\"module_column tb-column col-full tb_d4h1381 first\">\n\t\t\t\t\t\t\t<\/div>\n\t\t\t\t\t\t<\/div>\n\t\t<\/div>\n\t\t\t\t\t\t<div  data-parallax-bg=\"mobile\" data-lazy=\"1\" class=\"module_row themify_builder_row fullheight tb_g22n305 tf_w hide-tablet hide-mobile\">\n\t\t\t<span class=\"builder_row_cover tf_abs\"><\/span>\t\t\t<div class=\"row_inner col_align_top tb_col_count_1 tf_box tf_rel\">\n\t\t\t\t\t\t<div  data-lazy=\"1\" class=\"module_column tb-column col-full tb_63pr306 first\">\n\t\t\t\t\t\t\t<div  data-lazy=\"1\" class=\"module_subrow themify_builder_sub_row tf_w col_align_top tb_col_count_3 tb_hdrl169 wow\" data-tf-animation=\"fadeIn\">\n\t\t\t\t<div  data-lazy=\"1\" class=\"module_column sub_column col3-1 tb_opcc171 first\">\n\t\t\t\t\t\t\t<\/div>\n\t\t\t\t\t<div  data-lazy=\"1\" class=\"module_column sub_column col3-1 tb_dsx4172\">\n\t\t\t\t\t<!-- module image -->\n<div  class=\"module module-image tb_kgk0281 image-center   tf_mw\" data-lazy=\"1\">\n        <div class=\"image-wrap tf_rel tf_mw\">\n\t\t    <img loading=\"lazy\" decoding=\"async\" src=\"https:\/\/www.sunvita.hu\/wp-content\/uploads\/2019\/05\/Sunvita-Favicon-512x512-250x250.png\" width=\"250\" height=\"250\" title=\"Kezd\u0151lap\" alt=\"Kezd\u0151lap\">\t\n\t\t<\/div>\n\t<!-- \/image-wrap -->\n    \n    \t<\/div>\n<!-- \/module image -->\t\t<\/div>\n\t\t\t\t\t<div  data-lazy=\"1\" class=\"module_column sub_column col3-1 tb_e0lb172 last\">\n\t\t\t\t\t\t\t<\/div>\n\t\t\t\t\t<\/div>\n\t\t\t\t<div  data-lazy=\"1\" class=\"module_subrow themify_builder_sub_row tf_w col_align_top tb_col_count_1 tb_ej04995 wow\" data-tf-animation=\"fadeIn\">\n\t\t\t\t<div  data-lazy=\"1\" class=\"module_column sub_column col-full tb_afuy996 first\">\n\t\t\t\t\t<!-- module buttons -->\n<div  class=\"module module-buttons tb_pxv6552 buttons-horizontal outline  large circle\" data-lazy=\"1\">\n\t\t<div class=\"module-buttons-item tf_in_flx\">\n\t\t\t\t\t\t<a href=\"https:\/\/www.sunvita.hu\/hu\/kapcsolat\/\" class=\"ui builder_button tf_in_flx tb_default_color\" >\n\t\t\t\t\t\t\t\t\t\t\t\tKapcsolat\t\t\t\t\t\t\t\t\t\t<\/a>\n\t\t\t\t<\/div>\n\t\t\t\t\t<div class=\"module-buttons-item tf_in_flx\">\n\t\t\t\t\t\t<a href=\"https:\/\/www.sunvita.hu\/hu\/termekek\/\" class=\"ui builder_button tf_in_flx tb_default_color\" >\n\t\t\t\t\t\t\t\t\t\t\t\tTerm\u00e9kek\t\t\t\t\t\t\t\t\t\t<\/a>\n\t\t\t\t<\/div>\n\t\t\t<\/div>\n<!-- \/module buttons -->\n\t\t<\/div>\n\t\t\t\t\t<\/div>\n\t\t\t\t<\/div>\n\t\t\t\t\t\t<\/div>\n\t\t<\/div>\n\t\t\t\t\t\t<div  data-parallax-bg=\"mobile\" data-lazy=\"1\" class=\"module_row themify_builder_row tb_d01k475 tf_w hide-desktop hide-tablet_landscape\">\n\t\t\t<span class=\"builder_row_cover tf_abs\"><\/span>\t\t\t<div class=\"row_inner col_align_middle tb_col_count_3 tf_box tf_rel\">\n\t\t\t\t\t\t<div  data-lazy=\"1\" class=\"module_column tb-column col3-1 tb_uogc476 first\">\n\t\t\t\t\t\t\t<\/div>\n\t\t\t\t\t<div  data-lazy=\"1\" class=\"module_column tb-column col3-1 tb_dthd476\">\n\t\t\t\t\t<!-- module image -->\n<div  class=\"module module-image tb_xoxk477 image-center   tf_mw\" data-lazy=\"1\">\n        <div class=\"image-wrap tf_rel tf_mw\">\n\t\t    <img loading=\"lazy\" decoding=\"async\" src=\"https:\/\/www.sunvita.hu\/wp-content\/uploads\/2019\/05\/Sunvita-Favicon-512x512-100x100.png\" width=\"100\" height=\"100\" title=\"Kezd\u0151lap\" alt=\"Kezd\u0151lap\">\t\n\t\t<\/div>\n\t<!-- \/image-wrap -->\n    \n    \t<\/div>\n<!-- \/module image --><!-- module buttons -->\n<div  class=\"module module-buttons tb_tg6k667 buttons-horizontal outline  small circle\" data-lazy=\"1\">\n\t\t<div class=\"module-buttons-item tf_in_flx\">\n\t\t\t\t\t\t<a href=\"https:\/\/www.sunvita.hu\/hu\/kapcsolat\/\" class=\"ui builder_button tf_in_flx tb_default_color\" >\n\t\t\t\t\t\t\t\t\t\t\t\tKapcsolat\t\t\t\t\t\t\t\t\t\t<\/a>\n\t\t\t\t<\/div>\n\t\t\t\t\t<div class=\"module-buttons-item tf_in_flx\">\n\t\t\t\t\t\t<a href=\"https:\/\/www.sunvita.hu\/hu\/termekek\/\" class=\"ui builder_button tf_in_flx tb_default_color\" >\n\t\t\t\t\t\t\t\t\t\t\t\tTerm\u00e9kek\t\t\t\t\t\t\t\t\t\t<\/a>\n\t\t\t\t<\/div>\n\t\t\t<\/div>\n<!-- \/module buttons -->\n\t\t<\/div>\n\t\t\t\t\t<div  data-lazy=\"1\" class=\"module_column tb-column col3-1 tb_t5j9478 last\">\n\t\t\t\t\t\t\t<\/div>\n\t\t\t\t\t\t<\/div>\n\t\t<\/div>\n\t\t\t\t\t\t<div  data-anchor=\"discover\" data-lazy=\"1\" class=\"module_row themify_builder_row tb_has_section tb_section-discover tb_7bs1308 tf_w\">\n\t\t\t\t\t\t<div class=\"row_inner col_align_top tb_col_count_1 tf_box tf_rel\">\n\t\t\t\t\t\t<div  data-lazy=\"1\" class=\"module_column tb-column col-full tb_41zk309 first\">\n\t\t\t\t\t<!-- module image -->\n<div  class=\"module module-image tb_4wrb906 image-top   tf_mw\" data-lazy=\"1\">\n        <div class=\"image-wrap tf_rel tf_mw\">\n\t\t    <img decoding=\"async\" src=\"https:\/\/www.sunvita.hu\/wp-content\/uploads\/2019\/08\/Ind\u00e1k-201x134.png\" title=\"Kezd\u0151lap\" alt=\"Kezd\u0151lap\">\t\n\t\t<\/div>\n\t<!-- \/image-wrap -->\n    \n    \t<\/div>\n<!-- \/module image --><!-- module text -->\n<div  class=\"module module-text tb_em7h906    wow\" data-tf-animation=\"fadeInDown\" data-lazy=\"1\">\n\t    <div  class=\"tb_text_wrap\">\n\t\t<h1>Mi a Sunvita gy\u00fcm\u00f6lcsszeletek siker\u00e9nek a titka?<\/h1>    <\/div>\n<\/div>\n<!-- \/module text --><!-- module text -->\n<div  class=\"module module-text tb_3tkp906    wow\" data-tf-animation=\"fadeInUp\" data-lazy=\"1\">\n\t    <div  class=\"tb_text_wrap\">\n\t\t<p>Nemcsak \u00edzletes gy\u00fcm\u00f6lcs\u00f6ket, hanem \u00e9rt\u00e9kes \u00e9lelmi rostokat is tartalmaznak. Szeleteink kiz\u00e1r\u00f3lag gy\u00fcm\u00f6lcsb\u0151l k\u00e9sz\u00fclnek, hozz\u00e1adott cukor, mesters\u00e9ges arom\u00e1k, \u00e9des\u00edt\u0151 \u00e9s sz\u00ednez\u00e9k n\u00e9lk\u00fcl.<\/p>    <\/div>\n<\/div>\n<!-- \/module text -->\t\t<div  data-lazy=\"1\" class=\"module_subrow themify_builder_sub_row tf_w col_align_top gutter-none tb_col_count_4 tb_1woi907\">\n\t\t\t\t<div  data-lazy=\"1\" class=\"module_column sub_column col4-1 tb_mxb7908 first\">\n\t\t\t\t\t\t\t<\/div>\n\t\t\t\t\t<div  data-lazy=\"1\" class=\"module_column sub_column col4-1 tb_40bn908\">\n\t\t\t\t\t\t\t<\/div>\n\t\t\t\t\t<div  data-lazy=\"1\" class=\"module_column sub_column col4-1 tb_tr2x909\">\n\t\t\t\t\t<!-- module image -->\n<div  class=\"module module-image tb_y0ji909 image-top   tf_mw\" data-lazy=\"1\">\n        <div class=\"image-wrap tf_rel tf_mw\">\n\t\t    <img decoding=\"async\" src=\"https:\/\/www.sunvita.hu\/wp-content\/uploads\/2019\/08\/Szeder-325x171.png\" title=\"Kezd\u0151lap\" alt=\"Kezd\u0151lap\">\t\n\t\t<\/div>\n\t<!-- \/image-wrap -->\n    \n    \t<\/div>\n<!-- \/module image -->\t\t<\/div>\n\t\t\t\t\t<div  data-lazy=\"1\" class=\"module_column sub_column col4-1 tb_ywl5909 last\">\n\t\t\t\t\t<!-- module image -->\n<div  class=\"module module-image tb_8i6k910 image-top   tf_mw\" data-lazy=\"1\">\n        <div class=\"image-wrap tf_rel tf_mw\">\n\t\t    <img decoding=\"async\" src=\"https:\/\/www.sunvita.hu\/wp-content\/uploads\/2019\/08\/Meggy-2017x207.png\" title=\"Kezd\u0151lap\" alt=\"Kezd\u0151lap\">\t\n\t\t<\/div>\n\t<!-- \/image-wrap -->\n    \n    \t<\/div>\n<!-- \/module image -->\t\t<\/div>\n\t\t\t\t\t<\/div>\n\t\t\t\t<\/div>\n\t\t\t\t\t\t<\/div>\n\t\t<\/div>\n\t\t\t\t\t\t<div  data-lazy=\"1\" class=\"module_row themify_builder_row tb_zuex498 tf_w\">\n\t\t\t\t\t\t<div class=\"row_inner col_align_top tb_col_count_1 tf_box tf_rel\">\n\t\t\t\t\t\t<div  data-lazy=\"1\" class=\"module_column tb-column col-full tb_fs5j499 first\">\n\t\t\t\t\t\t\t<div  data-lazy=\"1\" class=\"module_subrow themify_builder_sub_row tf_w col_align_top tb_col_count_1 tb_5ceg499\">\n\t\t\t\t<div  data-lazy=\"1\" class=\"module_column sub_column col-full tb_w43n500 first\">\n\t\t\t\t\t<!-- module image -->\n<div  class=\"module module-image tb_jdqr257 image-center   tf_mw hide-mobile\" data-lazy=\"1\">\n        <div class=\"image-wrap tf_rel tf_mw\">\n\t\t    <img loading=\"lazy\" decoding=\"async\" src=\"https:\/\/www.sunvita.hu\/wp-content\/uploads\/2019\/08\/Eper-\u00e9s-Levelek-431x191-350x155.png\" width=\"350\" height=\"155\" title=\"Kezd\u0151lap\" alt=\"Kezd\u0151lap\">\t\n\t\t<\/div>\n\t<!-- \/image-wrap -->\n    \n    \t<\/div>\n<!-- \/module image -->\t\t<\/div>\n\t\t\t\t\t<\/div>\n\t\t\t\t<div  data-lazy=\"1\" class=\"module_subrow themify_builder_sub_row tf_w col_align_middle gutter-none tb_col_count_2 tb_f1rl580\">\n\t\t\t\t<div  data-lazy=\"1\" class=\"module_column sub_column tb_1uvn584 first\">\n\t\t\t\t\t<!-- module text -->\n<div  class=\"module module-text tb_b7qx500    wow\" data-tf-animation=\"fadeInLeft\" data-lazy=\"1\">\n\t    <div  class=\"tb_text_wrap\">\n\t\t<h1>Term\u00e9keink<\/h1>    <\/div>\n<\/div>\n<!-- \/module text --><!-- module text -->\n<div  class=\"module module-text tb_iswe501    wow\" data-tf-animation=\"fadeInLeft\" data-lazy=\"1\">\n\t    <div  class=\"tb_text_wrap\">\n\t\t<p>Kinek aj\u00e1nljuk gy\u00fcm\u00f6lcsszeleteinket?<br \/>Csal\u00e1doknak, akik az iskol\u00e1b\u00f3l \u00e9ppen a futball edz\u00e9sre sietnek, di\u00e1koknak, akiknek n\u00e9h\u00e1ny eg\u00e9szs\u00e9ges falatra van sz\u00fcks\u00e9g\u00fck, sportol\u00f3knak egy kis extra energi\u00e1\u00e9rt, vagy utaz\u00f3knak, akik unj\u00e1k az eg\u00e9szs\u00e9gtelen rept\u00e9ri \u00e9dess\u00e9get, de val\u00f3j\u00e1ban b\u00e1rkinek, aki eg\u00e9szs\u00e9gtudatos snacket k\u00edv\u00e1n k\u00e9t f\u0151\u00e9tkez\u00e9s k\u00f6z\u00f6tt. Gy\u00fcm\u00f6lcsszeleteink term\u00e9szetes energiaforr\u00e1sok, melyek fogyaszt\u00e1sa mindenkit j\u00f3 \u00e9rz\u00e9ssel t\u00f6lt el.<\/p>    <\/div>\n<\/div>\n<!-- \/module text --><!-- module buttons -->\n<div  class=\"module module-buttons tb_3ikm501 buttons-horizontal outline  circle wow\" data-tf-animation=\"fadeInLeft\" data-lazy=\"1\">\n\t\t<div class=\"module-buttons-item tf_in_flx\">\n\t\t\t\t\t\t<a href=\"https:\/\/www.sunvita.hu\/hu\/termekek\/\" class=\"ui builder_button tf_in_flx transparent\" >\n\t\t\t\t\t\t\t\t\t\t\t\tB\u0151vebben\t\t\t\t\t\t\t\t\t\t<\/a>\n\t\t\t\t<\/div>\n\t\t\t<\/div>\n<!-- \/module buttons -->\n\t\t<\/div>\n\t\t\t\t\t<div  data-lazy=\"1\" class=\"module_column sub_column tb_y417585 last\">\n\t\t\t\t\t<!-- module image -->\n<div  class=\"module module-image tb_nfe3502 image-center   tf_mw wow\" data-tf-animation=\"fadeInRight\" data-lazy=\"1\">\n        <div class=\"image-wrap tf_rel tf_mw\">\n\t\t    <img decoding=\"async\" src=\"https:\/\/www.sunvita.hu\/wp-content\/uploads\/2019\/08\/Term\u00e9keink-1000x800.png\" title=\"Kezd\u0151lap\" alt=\"Kezd\u0151lap\">\t\n\t\t<\/div>\n\t<!-- \/image-wrap -->\n    \n    \t<\/div>\n<!-- \/module image -->\t\t<\/div>\n\t\t\t\t\t<\/div>\n\t\t\t\t<\/div>\n\t\t\t\t\t\t<\/div>\n\t\t<\/div>\n\t\t\t\t\t\t<div  data-lazy=\"1\" class=\"module_row themify_builder_row tb_1pt8350 tf_w\">\n\t\t\t\t\t\t<div class=\"row_inner col_align_top tb_col_count_1 tf_box tf_rel\">\n\t\t\t\t\t\t<div  data-lazy=\"1\" class=\"module_column tb-column col-full tb_6xhh354 first\">\n\t\t\t\t\t\t\t<div  data-lazy=\"1\" class=\"module_subrow themify_builder_sub_row tf_w col_align_top tb_col_count_2 tb_om1f43 hide-mobile\">\n\t\t\t\t<div  data-lazy=\"1\" class=\"module_column sub_column col4-2 tb_7wul46 first\">\n\t\t\t\t\t\t\t<\/div>\n\t\t\t\t\t<div  data-lazy=\"1\" class=\"module_column sub_column col4-2 tb_sk4p759 last\">\n\t\t\t\t\t<!-- module image -->\n<div  class=\"module module-image tb_d2cl941 image-top   tf_mw\" data-lazy=\"1\">\n        <div class=\"image-wrap tf_rel tf_mw\">\n\t\t    <img decoding=\"async\" src=\"https:\/\/www.sunvita.hu\/wp-content\/uploads\/2019\/08\/\u00c1fonya-205x130.png\" title=\"Kezd\u0151lap\" alt=\"Kezd\u0151lap\">\t\n\t\t<\/div>\n\t<!-- \/image-wrap -->\n    \n    \t<\/div>\n<!-- \/module image -->\t\t<\/div>\n\t\t\t\t\t<\/div>\n\t\t\t\t<div  data-lazy=\"1\" class=\"module_subrow themify_builder_sub_row tf_w col_align_middle tb_col_count_2 tb_6ypt181\">\n\t\t\t\t<div  data-lazy=\"1\" class=\"module_column sub_column col4-2 tb_lgkn182 first\">\n\t\t\t\t\t<!-- module image -->\n<div  class=\"module module-image tb_v8a0960 image-center   tf_mw\" data-lazy=\"1\">\n        <div class=\"image-wrap tf_rel tf_mw\">\n\t\t    <img decoding=\"async\" src=\"https:\/\/www.sunvita.hu\/wp-content\/uploads\/2019\/08\/Eper-\u00e9s-Levelek-431x191.png\" title=\"Kezd\u0151lap\" alt=\"Kezd\u0151lap\">\t\n\t\t<\/div>\n\t<!-- \/image-wrap -->\n    \n    \t<\/div>\n<!-- \/module image -->\t\t<\/div>\n\t\t\t\t\t<div  data-lazy=\"1\" class=\"module_column sub_column col4-2 tb_5005183 last\">\n\t\t\t\t\t<!-- module text -->\n<div  class=\"module module-text tb_vwfv183    wow\" data-tf-animation=\"fadeInRight\" data-lazy=\"1\">\n\t    <div  class=\"tb_text_wrap\">\n\t\t<h1>R\u00f3lunk<\/h1>    <\/div>\n<\/div>\n<!-- \/module text --><!-- module text -->\n<div  class=\"module module-text tb_8dai183    wow\" data-tf-animation=\"fadeInRight\" data-lazy=\"1\">\n\t    <div  class=\"tb_text_wrap\">\n\t\t<p>A Sunvita a magyarorsz\u00e1gi gy\u00fcm\u00f6lcsszelet gy\u00e1rt\u00e1sban sok \u00e9ves tapasztalattal rendelkez\u0151 Iwinex Kft-hez tartoz\u00f3 brand. A v\u00edzi\u00f3 a Sunvita m\u00e1rkan\u00e9v m\u00f6g\u00f6tt egy egyszer\u0171, b\u00e1rhova magunkkal vihet\u0151 \u00e9s \u00e9lvezhet\u0151, energi\u00e1ban gazdag \u00e9s nem utols\u00f3 sorban eg\u00e9szs\u00e9ges snack csal\u00e1d l\u00e9trehoz\u00e1sa volt.\u00a0<\/p>    <\/div>\n<\/div>\n<!-- \/module text --><!-- module buttons -->\n<div  class=\"module module-buttons tb_kvsw184 buttons-horizontal outline  circle wow\" data-tf-animation=\"fadeInRight\" data-lazy=\"1\">\n\t\t<div class=\"module-buttons-item tf_in_flx\">\n\t\t\t\t\t\t<a href=\"https:\/\/www.sunvita.hu\/hu\/company\/\" class=\"ui builder_button tf_in_flx transparent\" >\n\t\t\t\t\t\t\t\t\t\t\t\tB\u0151vebben\t\t\t\t\t\t\t\t\t\t<\/a>\n\t\t\t\t<\/div>\n\t\t\t<\/div>\n<!-- \/module buttons -->\n\t\t<\/div>\n\t\t\t\t\t<\/div>\n\t\t\t\t<div  data-lazy=\"1\" class=\"module_subrow themify_builder_sub_row tf_w col_align_top tb_col_count_1 tb_me2t958\">\n\t\t\t\t<div  data-lazy=\"1\" class=\"module_column sub_column col-full tb_4lg3959 first\">\n\t\t\t\t\t<!-- module image -->\n<div  class=\"module module-image tb_aiqv887 image-top   tf_mw\" data-lazy=\"1\">\n        <div class=\"image-wrap tf_rel tf_mw\">\n\t\t    <img decoding=\"async\" src=\"https:\/\/www.sunvita.hu\/wp-content\/uploads\/2019\/08\/Ind\u00e1k-201x134.png\" title=\"Kezd\u0151lap\" alt=\"Kezd\u0151lap\">\t\n\t\t<\/div>\n\t<!-- \/image-wrap -->\n    \n    \t<\/div>\n<!-- \/module image -->\t\t<\/div>\n\t\t\t\t\t<\/div>\n\t\t\t\t<\/div>\n\t\t\t\t\t\t<\/div>\n\t\t<\/div>\n\t\t<\/div>\n<!--\/themify_builder_content-->","protected":false},"excerpt":{"rendered":"<p>Kapcsolat Term\u00e9kek Kapcsolat Term\u00e9kek Mi a Sunvita gy\u00fcm\u00f6lcsszeletek siker\u00e9nek a titka? Nemcsak \u00edzletes gy\u00fcm\u00f6lcs\u00f6ket, hanem \u00e9rt\u00e9kes \u00e9lelmi rostokat is tartalmaznak. Szeleteink kiz\u00e1r\u00f3lag gy\u00fcm\u00f6lcsb\u0151l k\u00e9sz\u00fclnek, hozz\u00e1adott cukor, mesters\u00e9ges arom\u00e1k, \u00e9des\u00edt\u0151 \u00e9s sz\u00ednez\u00e9k n\u00e9lk\u00fcl. Term\u00e9keink Kinek aj\u00e1nljuk gy\u00fcm\u00f6lcsszeleteinket?Csal\u00e1doknak, akik az iskol\u00e1b\u00f3l \u00e9ppen a futball edz\u00e9sre sietnek, di\u00e1koknak, akiknek n\u00e9h\u00e1ny eg\u00e9szs\u00e9ges falatra van sz\u00fcks\u00e9g\u00fck, sportol\u00f3knak egy kis extra [&hellip;]<\/p>\n","protected":false},"author":1,"featured_media":0,"parent":0,"menu_order":0,"comment_status":"closed","ping_status":"closed","template":"","meta":{"footnotes":""},"_links":{"self":[{"href":"https:\/\/www.sunvita.hu\/hu\/wp-json\/wp\/v2\/pages\/727"}],"collection":[{"href":"https:\/\/www.sunvita.hu\/hu\/wp-json\/wp\/v2\/pages"}],"about":[{"href":"https:\/\/www.sunvita.hu\/hu\/wp-json\/wp\/v2\/types\/page"}],"author":[{"embeddable":true,"href":"https:\/\/www.sunvita.hu\/hu\/wp-json\/wp\/v2\/users\/1"}],"replies":[{"embeddable":true,"href":"https:\/\/www.sunvita.hu\/hu\/wp-json\/wp\/v2\/comments?post=727"}],"version-history":[{"count":144,"href":"https:\/\/www.sunvita.hu\/hu\/wp-json\/wp\/v2\/pages\/727\/revisions"}],"predecessor-version":[{"id":2040,"href":"https:\/\/www.sunvita.hu\/hu\/wp-json\/wp\/v2\/pages\/727\/revisions\/2040"}],"wp:attachment":[{"href":"https:\/\/www.sunvita.hu\/hu\/wp-json\/wp\/v2\/media?parent=727"}],"curies":[{"name":"wp","href":"https:\/\/api.w.org\/{rel}","templated":true}]}}