{"id":719,"date":"2019-05-16T07:44:03","date_gmt":"2019-05-16T07:44:03","guid":{"rendered":"http:\/\/sunvita.iwinex.hu\/contacts\/"},"modified":"2019-10-17T15:12:09","modified_gmt":"2019-10-17T15:12:09","slug":"kapcsolat","status":"publish","type":"page","link":"https:\/\/www.sunvita.hu\/hu\/kapcsolat\/","title":{"rendered":"Kapcsolat"},"content":{"rendered":"<!--themify_builder_content-->\n<div id=\"themify_builder_content-719\" data-postid=\"719\" class=\"themify_builder_content themify_builder_content-719 themify_builder tf_clear\">\n    \t\t\t\t<div  data-lazy=\"1\" class=\"module_row themify_builder_row fullcover-bg tb_un21691 tb_first tf_w\">\n\t\t\t<span class=\"builder_row_cover tf_abs\"><\/span>\t\t\t<div class=\"row_inner col_align_top tb_col_count_1 tf_box tf_rel\">\n\t\t\t\t\t\t<div  data-lazy=\"1\" class=\"module_column tb-column col-full tb_br79692 first\">\n\t\t\t\t\t\t\t<\/div>\n\t\t\t\t\t\t<\/div>\n\t\t<\/div>\n\t\t\t\t\t\t<div  data-lazy=\"1\" class=\"module_row themify_builder_row tb_2633bc7 tf_w\">\n\t\t\t<span class=\"builder_row_cover tf_abs\"><\/span>\t\t\t<div class=\"row_inner col_align_middle tb_col_count_2 tf_box tf_rel\">\n\t\t\t\t\t\t<div  data-lazy=\"1\" class=\"module_column tb-column col4-2 tb_216773c first\">\n\t\t\t\t\t<!-- module text -->\n<div  class=\"module module-text tb_cae67a1  repeat  wow\" data-tf-animation=\"fadeInLeft\" data-lazy=\"1\">\n\t    <div  class=\"tb_text_wrap\">\n\t\t<h2>Kapcsolat<\/h2>    <\/div>\n<\/div>\n<!-- \/module text --><!-- module text -->\n<div  class=\"module module-text tb_d4d43c7  repeat  wow\" data-tf-animation=\"fadeInLeft\" data-lazy=\"1\">\n\t    <div  class=\"tb_text_wrap\">\n\t\t<p>B\u00e1rmi k\u00e9rd\u00e9se lenne v\u00e1llalkoz\u00e1sunkkal, term\u00e9keinkkel kapcsolatban, keressen minket bizalommal!<br \/>Az al\u00e1bbi m\u00f3dokon kereszt\u00fcl tudja vel\u00fcnk felvenni a kapcsolatot.<\/p>    <\/div>\n<\/div>\n<!-- \/module text -->\t\t<div  data-lazy=\"1\" class=\"module_subrow themify_builder_sub_row tf_w gutter-none col_align_top tb_col_count_2 tb_e7bb91f wow\" data-tf-animation=\"fadeInLeft\">\n\t\t\t\t<div  data-lazy=\"1\" class=\"module_column sub_column col2-1 tb_2e0f5e3 first\">\n\t\t\t\t\t<!-- module text -->\n<div  class=\"module module-text tb_e295b45  repeat \" data-lazy=\"1\">\n\t    <div  class=\"tb_text_wrap\">\n\t\t<h4>Info<\/h4>    <\/div>\n<\/div>\n<!-- \/module text --><!-- module divider -->\n<div  class=\"module tf_mw module-divider tb_12da89b solid  divider-custom divider-left\" style=\"border-width: 1px;border-color: rgba(255,255,255, 0.50);margin-top: 5px;margin-bottom: 13px;width: 50px;\" data-lazy=\"1\">\n    <\/div>\n<!-- \/module divider -->\n<!-- module icon -->\n<div  class=\"module module-icon tb_c0717c6  small circle icon_vertical tf_textl\" data-lazy=\"1\">\n\t\t\t<div class=\"module-icon-item\">\n\t\t\t\t\t\t\t\t\t\t\t\t\t\t\t\t<em class=\"tf_boxtransparent\"><svg  class=\"tf_fa tf-fas-phone\" aria-hidden=\"true\"><use href=\"#tf-fas-phone\"><\/use><\/svg><\/em>\n\t\t\t\t\t\t\t\t\t\t\t\t\t\t\t\t\t\t\t<span>+36 79 563 690<\/span>\n\t\t\t\t\t\t\t\t\t\t\t\t\t\t\t<\/div>\n\t\t\t<div class=\"module-icon-item\">\n\t\t\t\t\t\t\t\t\t\t\t\t\t\t\t\t<em class=\"tf_boxtransparent\"><svg  class=\"tf_fa tf-far-envelope\" aria-hidden=\"true\"><use href=\"#tf-far-envelope\"><\/use><\/svg><\/em>\n\t\t\t\t\t\t\t\t\t\t\t\t\t\t\t\t\t\t\t<span>iwinex@iwinex.hu<\/span>\n\t\t\t\t\t\t\t\t\t\t\t\t\t\t\t<\/div>\n\t<\/div>\n<!-- \/module icon -->\n\t\t<\/div>\n\t\t\t\t\t<div  data-lazy=\"1\" class=\"module_column sub_column col2-1 tb_6bd1617 last\">\n\t\t\t\t\t<!-- module text -->\n<div  class=\"module module-text tb_eaac968  repeat \" data-lazy=\"1\">\n\t    <div  class=\"tb_text_wrap\">\n\t\t<h4>C\u00edm<\/h4>    <\/div>\n<\/div>\n<!-- \/module text --><!-- module divider -->\n<div  class=\"module tf_mw module-divider tb_08449b1 solid  divider-custom divider-left\" style=\"border-width: 1px;border-color: rgba(255,255,255, 0.50);margin-top: 5px;margin-bottom: 13px;width: 50px;\" data-lazy=\"1\">\n    <\/div>\n<!-- \/module divider -->\n<!-- module text -->\n<div  class=\"module module-text tb_f62c642   \" data-lazy=\"1\">\n\t    <div  class=\"tb_text_wrap\">\n\t\t<p>S\u00fck\u00f6sd, D\u00f3zsa Gy\u00f6rgy \u00fat 168.<br \/>H-6346 <br \/>MAGYARORSZ\u00c1G<\/p>    <\/div>\n<\/div>\n<!-- \/module text -->\t\t<\/div>\n\t\t\t\t\t<\/div>\n\t\t\t\t<\/div>\n\t\t\t\t\t<div  data-lazy=\"1\" class=\"module_column tb-column col4-2 tb_b754b49 last\">\n\t\t\t\t\t<!-- module contact -->\n<div  id=\"tb_4vhh568\" class=\"module module-contact tb_4vhh568 contact-animated-label  wow\" data-tf-animation=\"fadeInRight\" data-lazy=\"1\">\n    \n\t<form class=\"builder-contact\"\n\t\tid=\"tb_4vhh568-form\"\n\t\tmethod=\"post\"\n\t\tdata-post-id=\"719\"\n\t\tdata-element-id=\"4vhh568\"\n\t\tdata-orig-id=\"719\"\n\t>\n    <div class=\"contact-message\"><\/div>\n\t<div class=\"builder-contact-fields tf_rel\">\n\t\t    \t\t    <div class=\"builder-contact-field builder-contact-field-name builder-contact-text-field\">\n\t\t\t    <label class=\"control-label\" for=\"tb_4vhh568-contact-name\">\n\t\t\t\t\t\t\t\t\t\t<span class=\"tb-label-span\">N\u00e9v <\/span><span class=\"required\">*<\/span>\t\t\t\t<\/label>\n\t\t\t    <div class=\"control-input tf_rel\">\n\t\t\t\t    \t\t\t\t\t    <input type=\"text\" name=\"contact-name\" placeholder=\" \" id=\"tb_4vhh568-contact-name\" value=\"\" class=\"form-control\" required>\n\t\t\t\t    \t\t\t\t    \t\t\t\t\t    <span class=\"tb_contact_label\">\n\t\t\t\t\t\t    <span class=\"tb-label-span\">N\u00e9v <\/span><span class=\"required\">*<\/span>\t\t\t\t\t    <\/span>\n\t\t\t\t    \t\t\t    <\/div>\n\t\t<\/div>\n\t    \n\t\t    \t\t    <div class=\"builder-contact-field builder-contact-field-email builder-contact-text-field\">\n\t\t\t    <label class=\"control-label\" for=\"tb_4vhh568-contact-email\">\n\t\t\t\t\t\t\t\t\t\t<span class=\"tb-label-span\">Email <\/span><span class=\"required\">*<\/span>\t\t\t\t<\/label>\n\t\t\t    <div class=\"control-input tf_rel\">\n\t\t\t\t    \t\t\t\t\t    <input type=\"email\" name=\"contact-email\" placeholder=\" \" id=\"tb_4vhh568-contact-email\" value=\"\" class=\"form-control\" required>\n\t\t\t\t    \t\t\t\t    \t\t\t\t\t    <span class=\"tb_contact_label\">\n\t\t\t\t\t\t    <span class=\"tb-label-span\">Email <\/span><span class=\"required\">*<\/span>\t\t\t\t\t    <\/span>\n\t\t\t\t    \t\t\t    <\/div>\n\t\t<\/div>\n\t    \n\t\t    \t\t    <div class=\"builder-contact-field builder-contact-field-subject builder-contact-text-field\">\n\t\t\t    <label class=\"control-label\" for=\"tb_4vhh568-contact-subject\">\n\t\t\t\t\t\t\t\t\t\t<span class=\"tb-label-span\">T\u00e1rgy <\/span>\t\t\t\t<\/label>\n\t\t\t    <div class=\"control-input tf_rel\">\n\t\t\t\t    \t\t\t\t\t    <input type=\"text\" name=\"contact-subject\" placeholder=\" \" id=\"tb_4vhh568-contact-subject\" value=\"\" class=\"form-control\" >\n\t\t\t\t    \t\t\t\t    \t\t\t\t\t    <span class=\"tb_contact_label\">\n\t\t\t\t\t\t    <span class=\"tb-label-span\">T\u00e1rgy <\/span>\t\t\t\t\t    <\/span>\n\t\t\t\t    \t\t\t    <\/div>\n\t\t<\/div>\n\t    \n\t\t    \t\t    <div class=\"builder-contact-field builder-contact-field-message builder-contact-textarea-field\">\n\t\t\t    <label class=\"control-label\" for=\"tb_4vhh568-contact-message\">\n\t\t\t\t\t\t\t\t\t\t<span class=\"tb-label-span\">\u00dczenet sz\u00f6vege <\/span>\t\t\t\t<\/label>\n\t\t\t    <div class=\"control-input tf_rel\">\n\t\t\t\t    \t\t\t\t\t    <textarea name=\"contact-message\" placeholder=\" \" id=\"tb_4vhh568-contact-message\" class=\"form-control\"><\/textarea>\n\t\t\t\t    \t\t\t\t    \t\t\t\t\t    <span class=\"tb_contact_label\">\n\t\t\t\t\t\t    <span class=\"tb-label-span\">\u00dczenet sz\u00f6vege <\/span>\t\t\t\t\t    <\/span>\n\t\t\t\t    \t\t\t    <\/div>\n\t\t<\/div>\n\t    \n\t\t    \t\t\n\t\t\t\t\t<div class=\"builder-contact-field builder-contact-field-gdpr\">\n\t\t\t\t<div class=\"control-label\">\n\t\t\t\t\t<div class=\"control-input tf_rel\">\n\t\t\t\t\t\t<label class=\"field-gdpr\">\n\t\t\t\t\t\t\t<input type=\"checkbox\" name=\"gdpr\" value=\"1\" required>\n\t\t\t\t\t\t\t<span>Elolvastam \u00e9s elfogadom az \n<a href=\\\"https:\/\/www.sunvita.hu\/wp-content\/uploads\/2019\/07\/Adatvedelmi-tajekozatato-sunvita-hu.pdf\\\" target=\\\"_blank\\\">adatkezel\u00e9si t\u00e1j\u00e9koztat\u00f3t<\/a>.<\/span>\n\t\t\t\t\t\t\t<span class=\"required\">*<\/span>\n\t\t\t\t\t\t<\/label>\n\t\t\t\t\t<\/div>\n\t\t\t\t<\/div>\n\t\t\t<\/div>\n\t\t\n\t    \n\t    <div class=\"builder-contact-field builder-contact-field-send control-input tf_textl tf_clear tf_rel\">\n\t\t\t<button type=\"submit\" class=\"btn btn-primary\">\n\t\t\t\t<span class=\"tf_loader\"><\/span>\t\t\t\t<span class=\"tf_submit_icon\"><\/span> \n\t\t\t\tK\u00fcld\u00e9s\t\t\t<\/button>\n\t    <\/div>\n\t<\/div>\n    <\/form>\n    <\/div>\n<!-- \/module contact -->\n\t\t<\/div>\n\t\t\t\t\t\t<\/div>\n\t\t<\/div>\n\t\t\t\t\t\t<div  data-lazy=\"1\" class=\"module_row themify_builder_row tb_kp8r800 tf_w\">\n\t\t\t\t\t\t<div class=\"row_inner col_align_top tb_col_count_1 tf_box tf_rel\">\n\t\t\t\t\t\t<div  data-lazy=\"1\" class=\"module_column tb-column col-full tb_huq5801 first\">\n\t\t\t\t\t<!-- module image -->\n<div  class=\"module module-image tb_oddt835 image-left   tf_mw\" data-lazy=\"1\">\n        <div class=\"image-wrap tf_rel tf_mw\">\n\t\t    <img loading=\"lazy\" decoding=\"async\" src=\"https:\/\/www.sunvita.hu\/wp-content\/uploads\/2019\/08\/Eper-\u00e9s-Levelek-431x191-250x100.png\" width=\"250\" height=\"100\" title=\"Kapcsolat\" alt=\"Kapcsolat\">\t\n\t\t<\/div>\n\t<!-- \/image-wrap -->\n    \n    \t<\/div>\n<!-- \/module image -->\t\t<\/div>\n\t\t\t\t\t\t<\/div>\n\t\t<\/div>\n\t\t<\/div>\n<!--\/themify_builder_content-->","protected":false},"excerpt":{"rendered":"<p>Kapcsolat B\u00e1rmi k\u00e9rd\u00e9se lenne v\u00e1llalkoz\u00e1sunkkal, term\u00e9keinkkel kapcsolatban, keressen minket bizalommal!Az al\u00e1bbi m\u00f3dokon kereszt\u00fcl tudja vel\u00fcnk felvenni a kapcsolatot. Info +36 79 563 690 iwinex@iwinex.hu C\u00edm S\u00fck\u00f6sd, D\u00f3zsa Gy\u00f6rgy \u00fat 168.H-6346 MAGYARORSZ\u00c1G N\u00e9v * Email * T\u00e1rgy \u00dczenet sz\u00f6vege * Elolvastam \u00e9s elfogadom az adatkezel\u00e9si t\u00e1j\u00e9koztat\u00f3t. * K\u00fcld\u00e9s<\/p>\n","protected":false},"author":1,"featured_media":0,"parent":0,"menu_order":0,"comment_status":"closed","ping_status":"closed","template":"","meta":{"footnotes":""},"_links":{"self":[{"href":"https:\/\/www.sunvita.hu\/hu\/wp-json\/wp\/v2\/pages\/719"}],"collection":[{"href":"https:\/\/www.sunvita.hu\/hu\/wp-json\/wp\/v2\/pages"}],"about":[{"href":"https:\/\/www.sunvita.hu\/hu\/wp-json\/wp\/v2\/types\/page"}],"author":[{"embeddable":true,"href":"https:\/\/www.sunvita.hu\/hu\/wp-json\/wp\/v2\/users\/1"}],"replies":[{"embeddable":true,"href":"https:\/\/www.sunvita.hu\/hu\/wp-json\/wp\/v2\/comments?post=719"}],"version-history":[{"count":46,"href":"https:\/\/www.sunvita.hu\/hu\/wp-json\/wp\/v2\/pages\/719\/revisions"}],"predecessor-version":[{"id":1557,"href":"https:\/\/www.sunvita.hu\/hu\/wp-json\/wp\/v2\/pages\/719\/revisions\/1557"}],"wp:attachment":[{"href":"https:\/\/www.sunvita.hu\/hu\/wp-json\/wp\/v2\/media?parent=719"}],"curies":[{"name":"wp","href":"https:\/\/api.w.org\/{rel}","templated":true}]}}