{"id":2022,"date":"2023-11-15T10:28:06","date_gmt":"2023-11-15T10:28:06","guid":{"rendered":"https:\/\/www.sunvita.hu\/visszaeles-panaszbejelentes\/"},"modified":"2025-11-06T06:14:58","modified_gmt":"2025-11-06T06:14:58","slug":"visszaeles-panaszbejelentes","status":"publish","type":"page","link":"https:\/\/www.sunvita.hu\/hu\/visszaeles-panaszbejelentes\/","title":{"rendered":"Vissza\u00e9l\u00e9s-, panaszbejelent\u00e9s"},"content":{"rendered":"<!--themify_builder_content-->\n<div id=\"themify_builder_content-2022\" data-postid=\"2022\" class=\"themify_builder_content themify_builder_content-2022 themify_builder tf_clear\">\n    \t\t\t\t<div  data-lazy=\"1\" class=\"module_row themify_builder_row fullcover-bg tb_0wbx75 tb_first tf_w\">\n\t\t\t<span class=\"builder_row_cover tf_abs\"><\/span>\t\t\t<div class=\"row_inner col_align_top tb_col_count_1 tf_box tf_rel\">\n\t\t\t\t\t\t<div  data-lazy=\"1\" class=\"module_column tb-column col-full tb_cs6376 first\">\n\t\t\t\t\t\t\t<\/div>\n\t\t\t\t\t\t<\/div>\n\t\t<\/div>\n\t\t\t\t\t\t<div  data-lazy=\"1\" class=\"module_row themify_builder_row tb_qgh2176 tf_w\">\n\t\t\t\t\t\t<div class=\"row_inner col_align_top tb_col_count_1 tf_box tf_rel\">\n\t\t\t\t\t\t<div  data-lazy=\"1\" class=\"module_column tb-column col-full tb_38kr177 first\">\n\t\t\t\t\t<!-- module text -->\n<div  class=\"module module-text tb_63kf178   \" data-lazy=\"1\">\n\t    <div  class=\"tb_text_wrap\">\n\t\t<h1>Vissza\u00e9l\u00e9s-, panaszbejelent\u00e9s<\/h1>    <\/div>\n<\/div>\n<!-- \/module text --><!-- module text -->\n<div  class=\"module module-text tb_tg13178   \" data-lazy=\"1\">\n\t    <div  class=\"tb_text_wrap\">\n\t\t<p>A 2023.\u00e9vi XXV. t\u00f6rv\u00e9nyben el\u0151\u00edrt k\u00f6telezetts\u00e9g\u00fcnknek az al\u00e1bbi link seg\u00edts\u00e9g\u00e9vel tesz\u00fcnk eleget:\u00a0<\/p>\n<p><a href=\"https:\/\/platform.crespo.hu\/form?fktu7sgt=2562a46d-e8f2-4494-ad9b-6e813570d25b\" target=\"_blank\" rel=\"noopener\">https:\/\/platform.crespo.hu\/form?fktu7sgt=2562a46d-e8f2-4494-ad9b-6e813570d25b<\/a><\/p>\n<p>Vissza\u00e9l\u00e9s bejelent\u00e9si rendszer\u00fcnk k\u00fcls\u0151 felel\u0151se: CRERAG Kft.<\/p>\n<p><a href=\"https:\/\/crespo.hu\/\" target=\"_blank\" rel=\"noopener\">https:\/\/crespo.hu\/<\/a><\/p>\n<p>Sz\u00f3beli bejelent\u00e9st a <strong>+36 20 992 7130<\/strong>-as telefonsz\u00e1mon tehet munkanapokon <strong>14:00-16:00<\/strong> k\u00f6z\u00f6tt, illetve s em\u00e9lyesen az <strong>5143 J\u00e1noshida, Kossuth Krt. 12.<\/strong> sz\u00e1m alatt el\u0151zetes bejelentkez\u00e9s alapj\u00e1n.<\/p>\n<p><a href=\"https:\/\/www.sunvita.hu\/wp-content\/uploads\/2023\/11\/ASZF-melleklet-SZABALYZAT.pdf\" target=\"_blank\" rel=\"noopener\">Bels\u0151 vissza\u00e9l\u00e9s-bejelent\u00e9si rendszer szolg\u00e1ltat\u00e1sok le\u00edr\u00e1sa<\/a><\/p>\n<p><a href=\"https:\/\/www.sunvita.hu\/wp-content\/uploads\/2023\/11\/Adatvedelmi-szabalyzat-kiegeszites_vZS.pdf\" target=\"_blank\" rel=\"noopener\">Adatv\u00e9delmi szab\u00e1lyzat kieg\u00e9sz\u00edt\u00e9s<\/a><\/p>    <\/div>\n<\/div>\n<!-- \/module text -->\t\t<\/div>\n\t\t\t\t\t\t<\/div>\n\t\t<\/div>\n\t\t<\/div>\n<!--\/themify_builder_content-->","protected":false},"excerpt":{"rendered":"<p>Vissza\u00e9l\u00e9s-, panaszbejelent\u00e9s A 2023.\u00e9vi XXV. t\u00f6rv\u00e9nyben el\u0151\u00edrt k\u00f6telezetts\u00e9g\u00fcnknek az al\u00e1bbi link seg\u00edts\u00e9g\u00e9vel tesz\u00fcnk eleget:\u00a0 https:\/\/platform.crespo.hu\/form?fktu7sgt=2562a46d-e8f2-4494-ad9b-6e813570d25b Vissza\u00e9l\u00e9s bejelent\u00e9si rendszer\u00fcnk k\u00fcls\u0151 felel\u0151se: CRERAG Kft. https:\/\/crespo.hu\/ Sz\u00f3beli bejelent\u00e9st a +36 20 992 7130-as telefonsz\u00e1mon tehet munkanapokon 14:00-16:00 k\u00f6z\u00f6tt, illetve s em\u00e9lyesen az 5143 J\u00e1noshida, Kossuth Krt. 12. sz\u00e1m alatt el\u0151zetes bejelentkez\u00e9s alapj\u00e1n. Bels\u0151 vissza\u00e9l\u00e9s-bejelent\u00e9si rendszer szolg\u00e1ltat\u00e1sok le\u00edr\u00e1sa Adatv\u00e9delmi [&hellip;]<\/p>\n","protected":false},"author":1,"featured_media":0,"parent":0,"menu_order":0,"comment_status":"closed","ping_status":"closed","template":"","meta":{"footnotes":""},"_links":{"self":[{"href":"https:\/\/www.sunvita.hu\/hu\/wp-json\/wp\/v2\/pages\/2022"}],"collection":[{"href":"https:\/\/www.sunvita.hu\/hu\/wp-json\/wp\/v2\/pages"}],"about":[{"href":"https:\/\/www.sunvita.hu\/hu\/wp-json\/wp\/v2\/types\/page"}],"author":[{"embeddable":true,"href":"https:\/\/www.sunvita.hu\/hu\/wp-json\/wp\/v2\/users\/1"}],"replies":[{"embeddable":true,"href":"https:\/\/www.sunvita.hu\/hu\/wp-json\/wp\/v2\/comments?post=2022"}],"version-history":[{"count":5,"href":"https:\/\/www.sunvita.hu\/hu\/wp-json\/wp\/v2\/pages\/2022\/revisions"}],"predecessor-version":[{"id":2078,"href":"https:\/\/www.sunvita.hu\/hu\/wp-json\/wp\/v2\/pages\/2022\/revisions\/2078"}],"wp:attachment":[{"href":"https:\/\/www.sunvita.hu\/hu\/wp-json\/wp\/v2\/media?parent=2022"}],"curies":[{"name":"wp","href":"https:\/\/api.w.org\/{rel}","templated":true}]}}