{"id":1347,"date":"2019-06-08T21:44:20","date_gmt":"2019-06-08T21:44:20","guid":{"rendered":"https:\/\/www.sunvita.hu\/shop-1\/"},"modified":"2019-09-18T21:35:56","modified_gmt":"2019-09-18T21:35:56","slug":"shop-1","status":"publish","type":"page","link":"https:\/\/www.sunvita.hu\/hu\/shop-1\/","title":{"rendered":"Shop 1"},"content":{"rendered":"<!--themify_builder_content-->\n<div id=\"themify_builder_content-1347\" data-postid=\"1347\" class=\"themify_builder_content themify_builder_content-1347 themify_builder tf_clear\">\n    \t\t\t\t<div  data-lazy=\"1\" class=\"module_row themify_builder_row fullcover-bg tb_s1s5410 tb_first tf_w\">\n\t\t\t<span class=\"builder_row_cover tf_abs\"><\/span>\t\t\t<div class=\"row_inner col_align_top tb_col_count_1 tf_box tf_rel\">\n\t\t\t\t\t\t<div  data-lazy=\"1\" class=\"module_column tb-column col-full tb_67o8411 first\">\n\t\t\t\t\t\t\t<\/div>\n\t\t\t\t\t\t<\/div>\n\t\t<\/div>\n\t\t\t\t\t\t<div  data-lazy=\"1\" class=\"module_row themify_builder_row tb_xx9p415 tf_w\">\n\t\t\t\t\t\t<div class=\"row_inner col_align_top tb_col_count_1 tf_box tf_rel\">\n\t\t\t\t\t\t<div  data-lazy=\"1\" class=\"module_column tb-column col-full tb_0zul416 first\">\n\t\t\t\t\t\t\t<\/div>\n\t\t\t\t\t\t<\/div>\n\t\t<\/div>\n\t\t<\/div>\n<!--\/themify_builder_content-->","protected":false},"excerpt":{"rendered":"<p>Akci\u00f3! 5 x 15 g Fruit Bar (single Favour bags) 650&nbsp;&#70;&#116; 550&nbsp;&#70;&#116; V\u00e1lassz \u00edzes\u00edt\u00e9st [Edit] 10 X 15 g Fruit bar Mix 650&nbsp;&#70;&#116; V\u00e1lassz \u00edzes\u00edt\u00e9st [Edit] 80 g Fruit Balls (bag-in-box) 900&nbsp;&#70;&#116; V\u00e1lassz \u00edzes\u00edt\u00e9st [Edit] 30 g Gluten Free Fruit Bar 550&nbsp;&#70;&#116; V\u00e1lassz \u00edzes\u00edt\u00e9st [Edit] 30 g Organic \/ Bio Fruit Bar 550&nbsp;&#70;&#116; V\u00e1lassz \u00edzes\u00edt\u00e9st [&hellip;]<\/p>\n","protected":false},"author":1,"featured_media":0,"parent":0,"menu_order":0,"comment_status":"closed","ping_status":"closed","template":"","meta":{"footnotes":""},"_links":{"self":[{"href":"https:\/\/www.sunvita.hu\/hu\/wp-json\/wp\/v2\/pages\/1347"}],"collection":[{"href":"https:\/\/www.sunvita.hu\/hu\/wp-json\/wp\/v2\/pages"}],"about":[{"href":"https:\/\/www.sunvita.hu\/hu\/wp-json\/wp\/v2\/types\/page"}],"author":[{"embeddable":true,"href":"https:\/\/www.sunvita.hu\/hu\/wp-json\/wp\/v2\/users\/1"}],"replies":[{"embeddable":true,"href":"https:\/\/www.sunvita.hu\/hu\/wp-json\/wp\/v2\/comments?post=1347"}],"version-history":[{"count":2,"href":"https:\/\/www.sunvita.hu\/hu\/wp-json\/wp\/v2\/pages\/1347\/revisions"}],"predecessor-version":[{"id":1349,"href":"https:\/\/www.sunvita.hu\/hu\/wp-json\/wp\/v2\/pages\/1347\/revisions\/1349"}],"wp:attachment":[{"href":"https:\/\/www.sunvita.hu\/hu\/wp-json\/wp\/v2\/media?parent=1347"}],"curies":[{"name":"wp","href":"https:\/\/api.w.org\/{rel}","templated":true}]}}