{"id":1912,"date":"2022-09-22T21:20:02","date_gmt":"2022-09-22T21:20:02","guid":{"rendered":"https:\/\/www.sunvita.hu\/firma\/"},"modified":"2022-09-22T21:20:02","modified_gmt":"2022-09-22T21:20:02","slug":"firma","status":"publish","type":"page","link":"https:\/\/www.sunvita.hu\/de\/firma\/","title":{"rendered":"Firma"},"content":{"rendered":"<!--themify_builder_content-->\n<div id=\"themify_builder_content-1912\" data-postid=\"1912\" class=\"themify_builder_content themify_builder_content-1912 themify_builder tf_clear\">\n    \t\t\t\t<div  data-lazy=\"1\" class=\"module_row themify_builder_row fullcover-bg tb_1b3b298 tb_first tf_w\">\n\t\t\t<span class=\"builder_row_cover tf_abs\"><\/span>\t\t\t<div class=\"row_inner col_align_top tb_col_count_1 tf_box tf_rel\">\n\t\t\t\t\t\t<div  data-lazy=\"1\" class=\"module_column tb-column col-full tb_ke0x305 first\">\n\t\t\t\t\t\t\t<\/div>\n\t\t\t\t\t\t<\/div>\n\t\t<\/div>\n\t\t\t\t\t\t<div  data-lazy=\"1\" class=\"module_row themify_builder_row tb_mu2v299 tf_w\">\n\t\t\t\t\t\t<div class=\"row_inner col_align_top tb_col_count_2 tf_box tf_rel\">\n\t\t\t\t\t\t<div  data-lazy=\"1\" class=\"module_column tb-column col4-2 tb_hwa5310 first\">\n\t\t\t\t\t<!-- module text -->\n<div  class=\"module module-text tb_cmmn311  repeat  wow\" data-tf-animation=\"fadeIn\" data-lazy=\"1\">\n\t    <div  class=\"tb_text_wrap\">\n\t\t<h1>Firma<\/h1>    <\/div>\n<\/div>\n<!-- \/module text -->\t\t<\/div>\n\t\t\t\t\t<div  data-lazy=\"1\" class=\"module_column tb-column col4-2 tb_7tgv312 last\">\n\t\t\t\t\t\t\t<\/div>\n\t\t\t\t\t\t<\/div>\n\t\t<\/div>\n\t\t\t\t\t\t<div  data-lazy=\"1\" class=\"module_row themify_builder_row tb_glw7299 tf_w\">\n\t\t\t\t\t\t<div class=\"row_inner col_align_top tb_col_count_2 tf_box tf_rel\">\n\t\t\t\t\t\t<div  data-lazy=\"1\" class=\"module_column tb-column col4-2 tb_iaqo318 first\">\n\t\t\t\t\t<!-- module image -->\n<div  class=\"module module-image tb_bztm319 image-right   tf_mw hide-mobile\" data-lazy=\"1\">\n        <div class=\"image-wrap tf_rel tf_mw\">\n\t\t    <img loading=\"lazy\" decoding=\"async\" src=\"https:\/\/www.sunvita.hu\/wp-content\/uploads\/2019\/08\/Szeder-325x171-190x100.png\" width=\"190\" height=\"100\" title=\"Firma\" alt=\"Firma\">\t\n\t\t<\/div>\n\t<!-- \/image-wrap -->\n    \n    \t<\/div>\n<!-- \/module image -->\t\t<\/div>\n\t\t\t\t\t<div  data-lazy=\"1\" class=\"module_column tb-column col4-2 tb_7kc2319 last\">\n\t\t\t\t\t<!-- module image -->\n<div  class=\"module module-image tb_687k320 image-center   tf_mw\" data-lazy=\"1\">\n        <div class=\"image-wrap tf_rel tf_mw\">\n\t\t    <img loading=\"lazy\" decoding=\"async\" src=\"https:\/\/www.sunvita.hu\/wp-content\/uploads\/2019\/08\/M\u00e1lna-114x156-100x120.png\" width=\"100\" height=\"120\" title=\"Firma\" alt=\"Firma\">\t\n\t\t<\/div>\n\t<!-- \/image-wrap -->\n    \n    \t<\/div>\n<!-- \/module image -->\t\t<\/div>\n\t\t\t\t\t\t<\/div>\n\t\t<\/div>\n\t\t\t\t\t\t<div  data-lazy=\"1\" class=\"module_row themify_builder_row tb_6cf8300 tf_w\">\n\t\t\t\t\t\t<div class=\"row_inner gutter-none col_align_middle tb_col_count_1 tf_box tf_rel\">\n\t\t\t\t\t\t<div  data-lazy=\"1\" class=\"module_column tb-column col-full tb_zpzg322 first\">\n\t\t\t\t\t<!-- module text -->\n<div  class=\"module module-text tb_xgrg323  no-repeat  wow\" data-tf-animation=\"fadeIn\" data-lazy=\"1\">\n\t    <div  class=\"tb_text_wrap\">\n\t\t<p>Wir sind ein Hersteller von Fruchtsnacks mit Sitz in Ungarn. Die Idee hinter Sunvita war es, ein einfaches und ehrliches Produkt zu schaffen, das Energie liefert und einfach mitzunehmen und \u00fcberall zu genie\u00dfen ist. Wir haben 15 Jahre damit verbracht, den Prozess zu entwickeln, der es erm\u00f6glichte, einen einzigartigen Snack zu kreieren, der den fantastischen Geschmack, den hohen Gehalt an Antioxidantien sowie den gr\u00f6\u00dften Teil des N\u00e4hrwerts der frischen Fr\u00fcchte beibeh\u00e4lt. Unsere 3000 m2 gro\u00dfe, moderne Hightech-Anlage r\u00fchmt sich, seit vielen Jahren in Folge die IFS-Zertifizierung auf h\u00f6herem Niveau zu haben.<\/p>\r\n<p>Alle unsere 110 Mitarbeiter arbeiten hart daran, dass unsere Snacks aus echten und einfachen Zutaten hergestellt werden. Wir glauben, dass echte Lebensmittel am besten schmecken, den Hunger stillen und den besten N\u00e4hrwert haben.<\/p>\r\n<p>Unser Ziel ist es, gesunde Snacks einfach und stressfrei zu essen. Kein Waschen, Schneiden oder Sch\u00e4len erforderlich. Au\u00dferdem f\u00fcgen wir keine k\u00fcnstlichen Aromen oder Farbstoffe hinzu.<\/p>\r\n<p>Unsere Riegel werden in 15 L\u00e4ndern verkauft, Tendenz steigend. Die wichtigsten Vertriebskan\u00e4le sind globale Einzelhandelssuperm\u00e4rkte (Tesco, Spar, Auchan, Delhaize, Colruyt, Selver, Kaupmees, Rimi, Kaufland), lokale Einzelh\u00e4ndler, Drogerien (Rossman, DM, M\u00fcller, Brendon), Bio- und Convenience-Stores, Sport- und Fitnesskan\u00e4le, Tankstellen, Verkaufsautomaten. Wir freuen uns darauf, mit aktuellen und potenziellen Distributoren, Partnern und Gesch\u00e4ften in Kontakt zu treten. Auch im Bereich Private Label sind wir ein starker Player.<\/p>\r\n<p>Unsere Riegel werden in 15 L\u00e4ndern verkauft, Tendenz steigend. Die wichtigsten Vertriebskan\u00e4le sind globale Einzelhandelssuperm\u00e4rkte (Tesco, Spar, Auchan, Delhaize, Colruyt, Selver, Kaupmees, Rimi, Kaufland), lokale Einzelh\u00e4ndler, Drogerien (Rossman, DM, M\u00fcller, Brendon), Bio- und Convenience-Stores, Sport- und Fitnesskan\u00e4le, Tankstellen, Verkaufsautomaten. Wir freuen uns darauf, mit aktuellen und potenziellen Distributoren, Partnern und Gesch\u00e4ften in Kontakt zu treten. Auch im Bereich Private Label sind wir ein starker Player.<\/p>    <\/div>\n<\/div>\n<!-- \/module text --><!-- module image -->\n<div  class=\"module module-image tb_aajy324 image-center   tf_mw hide-mobile\" data-lazy=\"1\">\n        <div class=\"image-wrap tf_rel tf_mw\">\n\t\t    <img decoding=\"async\" src=\"https:\/\/www.sunvita.hu\/wp-content\/uploads\/2019\/08\/Levelek-341x154-279x100.png\" height=\"100\" title=\"Firma\" alt=\"Firma\">\t\n\t\t<\/div>\n\t<!-- \/image-wrap -->\n    \n    \t<\/div>\n<!-- \/module image --><!-- module image -->\n<div  class=\"module module-image tb_5yu2325 image-center   tf_mw wow\" data-tf-animation=\"fadeIn\" data-lazy=\"1\">\n        <div class=\"image-wrap tf_rel tf_mw\">\n\t\t    <img loading=\"lazy\" decoding=\"async\" src=\"https:\/\/www.sunvita.hu\/wp-content\/uploads\/2019\/05\/Iwinex-company-1024x395-750x289.png\" width=\"750\" height=\"289\" class=\"wp-post-image wp-image-1710\" title=\"Iwinex company\" alt=\"Iwinex company\" srcset=\"https:\/\/www.sunvita.hu\/wp-content\/uploads\/2019\/05\/Iwinex-company-1024x395-750x289.png 750w, https:\/\/www.sunvita.hu\/wp-content\/uploads\/2019\/05\/Iwinex-company-300x116.png 300w, https:\/\/www.sunvita.hu\/wp-content\/uploads\/2019\/05\/Iwinex-company-768x296.png 768w, https:\/\/www.sunvita.hu\/wp-content\/uploads\/2019\/05\/Iwinex-company-1024x395.png 1024w, https:\/\/www.sunvita.hu\/wp-content\/uploads\/2019\/05\/Iwinex-company-600x231.png 600w, https:\/\/www.sunvita.hu\/wp-content\/uploads\/2019\/05\/Iwinex-company-1024x395-450x173.png 450w, https:\/\/www.sunvita.hu\/wp-content\/uploads\/2019\/05\/Iwinex-company.png 1170w\" sizes=\"(max-width: 750px) 100vw, 750px\" \/>\t\n\t\t<\/div>\n\t<!-- \/image-wrap -->\n    \n    \t<\/div>\n<!-- \/module image -->\t\t<\/div>\n\t\t\t\t\t\t<\/div>\n\t\t<\/div>\n\t\t<\/div>\n<!--\/themify_builder_content-->","protected":false},"excerpt":{"rendered":"<p>Company We are a fruit snack manufacturer company based in Hungary. The idea behind Sunvita was to create a simple and honest product that delivers energy and is easy to bring along and enjoy anywhere. We have spent 15 years developing the process that made it possible to create a unique snack that retains the [&hellip;]<\/p>\n","protected":false},"author":1,"featured_media":0,"parent":0,"menu_order":0,"comment_status":"closed","ping_status":"closed","template":"","meta":{"footnotes":""},"_links":{"self":[{"href":"https:\/\/www.sunvita.hu\/de\/wp-json\/wp\/v2\/pages\/1912"}],"collection":[{"href":"https:\/\/www.sunvita.hu\/de\/wp-json\/wp\/v2\/pages"}],"about":[{"href":"https:\/\/www.sunvita.hu\/de\/wp-json\/wp\/v2\/types\/page"}],"author":[{"embeddable":true,"href":"https:\/\/www.sunvita.hu\/de\/wp-json\/wp\/v2\/users\/1"}],"replies":[{"embeddable":true,"href":"https:\/\/www.sunvita.hu\/de\/wp-json\/wp\/v2\/comments?post=1912"}],"version-history":[{"count":1,"href":"https:\/\/www.sunvita.hu\/de\/wp-json\/wp\/v2\/pages\/1912\/revisions"}],"predecessor-version":[{"id":1913,"href":"https:\/\/www.sunvita.hu\/de\/wp-json\/wp\/v2\/pages\/1912\/revisions\/1913"}],"wp:attachment":[{"href":"https:\/\/www.sunvita.hu\/de\/wp-json\/wp\/v2\/media?parent=1912"}],"curies":[{"name":"wp","href":"https:\/\/api.w.org\/{rel}","templated":true}]}}