{"id":1910,"date":"2022-09-22T21:16:18","date_gmt":"2022-09-22T21:16:18","guid":{"rendered":"https:\/\/www.sunvita.hu\/verkauf\/"},"modified":"2022-09-22T21:16:18","modified_gmt":"2022-09-22T21:16:18","slug":"verkauf","status":"publish","type":"page","link":"https:\/\/www.sunvita.hu\/de\/verkauf\/","title":{"rendered":"Verkauf"},"content":{"rendered":"<!--themify_builder_content-->\n<div id=\"themify_builder_content-1910\" data-postid=\"1910\" class=\"themify_builder_content themify_builder_content-1910 themify_builder tf_clear\">\n    \t\t\t\t<div  data-lazy=\"1\" class=\"module_row themify_builder_row fullcover-bg tb_t4z7348 tb_first tf_w\">\n\t\t\t<span class=\"builder_row_cover tf_abs\"><\/span>\t\t\t<div class=\"row_inner col_align_top tb_col_count_1 tf_box tf_rel\">\n\t\t\t\t\t\t<div  data-lazy=\"1\" class=\"module_column tb-column col-full tb_wsg4350 first\">\n\t\t\t\t\t\t\t<\/div>\n\t\t\t\t\t\t<\/div>\n\t\t<\/div>\n\t\t\t\t\t\t<div  data-lazy=\"1\" class=\"module_row themify_builder_row tb_mkby348 tf_w\">\n\t\t\t\t\t\t<div class=\"row_inner col_align_top tb_col_count_2 tf_box tf_rel\">\n\t\t\t\t\t\t<div  data-lazy=\"1\" class=\"module_column tb-column col4-2 tb_o1lz351 first\">\n\t\t\t\t\t<!-- module text -->\n<div  class=\"module module-text tb_9v9h352  repeat  wow\" data-tf-animation=\"fadeInLeft\" data-lazy=\"1\">\n\t    <div  class=\"tb_text_wrap\">\n\t\t<h1VERKAUF<\/h1>    <\/div>\n<\/div>\n<!-- \/module text -->\t\t<\/div>\n\t\t\t\t\t<div  data-lazy=\"1\" class=\"module_column tb-column col4-2 tb_ntbq353 last\">\n\t\t\t\t\t\t\t<\/div>\n\t\t\t\t\t\t<\/div>\n\t\t<\/div>\n\t\t\t\t\t\t<div  data-lazy=\"1\" class=\"module_row themify_builder_row tb_zp49348 tf_w\">\n\t\t\t\t\t\t<div class=\"row_inner col_align_middle tb_col_count_2 tf_box tf_rel\">\n\t\t\t\t\t\t<div  data-lazy=\"1\" class=\"module_column tb-column col4-2 tb_3lhq355 first\">\n\t\t\t\t\t<!-- module text -->\n<div  class=\"module module-text tb_w7mc356    wow\" data-tf-animation=\"fadeInLeft\" data-lazy=\"1\">\n\t    <div  class=\"tb_text_wrap\">\n\t\t<p>Unsere Riegel werden in 15 M\u00e4rkten verkauft, Tendenz steigend. Die wichtigsten Vertriebskan\u00e4le sind globale Einzelhandelssuperm\u00e4rkte (Tesco, Spar, Auchan, Delhaize, Colruyt, Selver, Kaupmees, Rimi), lokale Einzelh\u00e4ndler, Drogerien (Rossman, DM, M\u00fcller), Bio- und Convenience-L\u00e4den, Sport- und Fitnesskan\u00e4le, Benzin Bahnh\u00f6fe, Verkaufsautomaten. Wir freuen uns darauf, mit aktuellen und potenziellen Distributoren, Partnern und Gesch\u00e4ften in Kontakt zu treten.<\/p>    <\/div>\n<\/div>\n<!-- \/module text -->\t\t<\/div>\n\t\t\t\t\t<div  data-lazy=\"1\" class=\"module_column tb-column col4-2 tb_qdnt356 last\">\n\t\t\t\t\t<!-- module image -->\n<div  class=\"module module-image tb_k566356 image-right   tf_mw wow\" data-tf-animation=\"fadeInRight\" data-lazy=\"1\">\n        <div class=\"image-wrap tf_rel tf_mw\">\n\t\t    <img decoding=\"async\" src=\"https:\/\/www.sunvita.hu\/wp-content\/uploads\/2019\/10\/sunvita_europe-v1_1787x1380-2-1024x791-453x350.png\" height=\"350\" class=\"wp-post-image wp-image-1869\" title=\"sunvita_europe-v1_1787x1380-2\" alt=\"sunvita_europe-v1_1787x1380-2\" srcset=\"https:\/\/www.sunvita.hu\/wp-content\/uploads\/2019\/10\/sunvita_europe-v1_1787x1380-2-1024x791-453x350.png 453w, https:\/\/www.sunvita.hu\/wp-content\/uploads\/2019\/10\/sunvita_europe-v1_1787x1380-2-300x232.png 300w, https:\/\/www.sunvita.hu\/wp-content\/uploads\/2019\/10\/sunvita_europe-v1_1787x1380-2-768x593.png 768w, https:\/\/www.sunvita.hu\/wp-content\/uploads\/2019\/10\/sunvita_europe-v1_1787x1380-2-1024x791.png 1024w, https:\/\/www.sunvita.hu\/wp-content\/uploads\/2019\/10\/sunvita_europe-v1_1787x1380-2-600x463.png 600w, https:\/\/www.sunvita.hu\/wp-content\/uploads\/2019\/10\/sunvita_europe-v1_1787x1380-2.png 1787w\" sizes=\"(max-width: 453px) 100vw, 453px\" \/>\t\n\t\t<\/div>\n\t<!-- \/image-wrap -->\n    \n    \t<\/div>\n<!-- \/module image -->\t\t<\/div>\n\t\t\t\t\t\t<\/div>\n\t\t<\/div>\n\t\t\t\t\t\t<div  data-anchor=\"private-label\" data-lazy=\"1\" class=\"module_row themify_builder_row tb_has_section tb_section-private-label tb_06hl349 tf_w\">\n\t\t\t\t\t\t<div class=\"row_inner direction_rtl col_align_middle tb_col_count_1 tf_box tf_rel\">\n\t\t\t\t\t\t<div  data-lazy=\"1\" class=\"module_column tb-column col-full tb_zkwb357 first\">\n\t\t\t\t\t<!-- module image -->\n<div  class=\"module module-image tb_m970357 image-left   tf_mw\" data-lazy=\"1\">\n        <div class=\"image-wrap tf_rel tf_mw\">\n\t\t    <img loading=\"lazy\" decoding=\"async\" src=\"https:\/\/www.sunvita.hu\/wp-content\/uploads\/2019\/08\/Eper-\u00e9s-Szeder-370x250-200x150.png\" width=\"200\" height=\"150\" title=\"Verkauf\" alt=\"Verkauf\">\t\n\t\t<\/div>\n\t<!-- \/image-wrap -->\n    \n    \t<\/div>\n<!-- \/module image --><!-- module text -->\n<div  class=\"module module-text tb_y2fp358    wow\" data-tf-animation=\"fadeInDown\" data-lazy=\"1\">\n\t    <div  class=\"tb_text_wrap\">\n\t\t<h1>Private label<\/h1>    <\/div>\n<\/div>\n<!-- \/module text -->\t\t<\/div>\n\t\t\t\t\t\t<\/div>\n\t\t<\/div>\n\t\t\t\t\t\t<div  data-anchor=\"private-label\" data-lazy=\"1\" class=\"module_row themify_builder_row tb_has_section tb_section-private-label tb_x1ma349 tf_w\">\n\t\t\t\t\t\t<div class=\"row_inner direction_rtl col_align_middle tb_col_count_2 tf_box tf_rel\">\n\t\t\t\t\t\t<div  data-lazy=\"1\" class=\"module_column tb-column col4-2 tb_fvwx359 first\">\n\t\t\t\t\t\t\t<div  data-lazy=\"1\" class=\"module_subrow themify_builder_sub_row tf_w gutter-none col_align_top tb_col_count_2 tb_yy4l359 wow\" data-tf-animation=\"fadeInLeft\">\n\t\t\t\t<div  data-lazy=\"1\" class=\"module_column sub_column col4-2 tb_t24a360 first\">\n\t\t\t\t\t<!-- module image -->\n<div  class=\"module module-image tb_z44f360 image-center   tf_mw\" data-lazy=\"1\">\n        <div class=\"image-wrap tf_rel tf_mw\">\n\t\t    <img loading=\"lazy\" decoding=\"async\" src=\"https:\/\/www.sunvita.hu\/wp-content\/uploads\/2019\/07\/Tesco-300x300-150x150.png\" width=\"150\" height=\"150\" title=\"Verkauf\" alt=\"Verkauf\">\t\n\t\t<\/div>\n\t<!-- \/image-wrap -->\n    \n    \t<\/div>\n<!-- \/module image -->\t\t<\/div>\n\t\t\t\t\t<div  data-lazy=\"1\" class=\"module_column sub_column col4-2 tb_4biy361 last\">\n\t\t\t\t\t<!-- module image -->\n<div  class=\"module module-image tb_n6ee361 image-center   tf_mw\" data-lazy=\"1\">\n        <div class=\"image-wrap tf_rel tf_mw\">\n\t\t    <img loading=\"lazy\" decoding=\"async\" src=\"https:\/\/www.sunvita.hu\/wp-content\/uploads\/2019\/06\/Metro-300x300-150x150.png\" width=\"150\" height=\"150\" title=\"Verkauf\" alt=\"Verkauf\">\t\n\t\t<\/div>\n\t<!-- \/image-wrap -->\n    \n    \t<\/div>\n<!-- \/module image -->\t\t<\/div>\n\t\t\t\t\t<\/div>\n\t\t\t\t<div  data-lazy=\"1\" class=\"module_subrow themify_builder_sub_row tf_w gutter-none col_align_top tb_col_count_2 tb_ms22361 wow\" data-tf-animation=\"fadeInLeft\">\n\t\t\t\t<div  data-lazy=\"1\" class=\"module_column sub_column col4-2 tb_714s362 first\">\n\t\t\t\t\t<!-- module image -->\n<div  class=\"module module-image tb_h8zj362 image-center   tf_mw\" data-lazy=\"1\">\n        <div class=\"image-wrap tf_rel tf_mw\">\n\t\t    <img loading=\"lazy\" decoding=\"async\" src=\"https:\/\/www.sunvita.hu\/wp-content\/uploads\/2019\/06\/Despar-300x300-150x150.png\" width=\"150\" height=\"150\" title=\"Verkauf\" alt=\"Verkauf\">\t\n\t\t<\/div>\n\t<!-- \/image-wrap -->\n    \n    \t<\/div>\n<!-- \/module image -->\t\t<\/div>\n\t\t\t\t\t<div  data-lazy=\"1\" class=\"module_column sub_column col4-2 tb_ay5z362 last\">\n\t\t\t\t\t<!-- module image -->\n<div  class=\"module module-image tb_npgr363 image-center   tf_mw\" data-lazy=\"1\">\n        <div class=\"image-wrap tf_rel tf_mw\">\n\t\t    <img loading=\"lazy\" decoding=\"async\" src=\"https:\/\/www.sunvita.hu\/wp-content\/uploads\/2019\/06\/Auchan-300x300-150x150.png\" width=\"150\" height=\"150\" title=\"Verkauf\" alt=\"Verkauf\">\t\n\t\t<\/div>\n\t<!-- \/image-wrap -->\n    \n    \t<\/div>\n<!-- \/module image -->\t\t<\/div>\n\t\t\t\t\t<\/div>\n\t\t\t\t<div  data-lazy=\"1\" class=\"module_subrow themify_builder_sub_row tf_w gutter-none col_align_top tb_col_count_2 tb_jbz5363 wow\" data-tf-animation=\"fadeInLeft\">\n\t\t\t\t<div  data-lazy=\"1\" class=\"module_column sub_column col4-2 tb_rge7363 first\">\n\t\t\t\t\t<!-- module image -->\n<div  class=\"module module-image tb_ntis364 image-center   tf_mw\" data-lazy=\"1\">\n        <div class=\"image-wrap tf_rel tf_mw\">\n\t\t    <img loading=\"lazy\" decoding=\"async\" src=\"https:\/\/www.sunvita.hu\/wp-content\/uploads\/2019\/06\/Lidl-V1-300x300-150x150.png\" width=\"150\" height=\"150\" title=\"Verkauf\" alt=\"Verkauf\">\t\n\t\t<\/div>\n\t<!-- \/image-wrap -->\n    \n    \t<\/div>\n<!-- \/module image -->\t\t<\/div>\n\t\t\t\t\t<div  data-lazy=\"1\" class=\"module_column sub_column col4-2 tb_qtvq364 last\">\n\t\t\t\t\t<!-- module image -->\n<div  class=\"module module-image tb_plpq364 image-center   tf_mw\" data-lazy=\"1\">\n        <div class=\"image-wrap tf_rel tf_mw\">\n\t\t    <img loading=\"lazy\" decoding=\"async\" src=\"https:\/\/www.sunvita.hu\/wp-content\/uploads\/2019\/09\/Roucadil-300x300-150x150.png\" width=\"150\" height=\"150\" title=\"Verkauf\" alt=\"Verkauf\">\t\n\t\t<\/div>\n\t<!-- \/image-wrap -->\n    \n    \t<\/div>\n<!-- \/module image -->\t\t<\/div>\n\t\t\t\t\t<\/div>\n\t\t\t\t<\/div>\n\t\t\t\t\t<div  data-lazy=\"1\" class=\"module_column tb-column col4-2 tb_28m0358 last\">\n\t\t\t\t\t<!-- module text -->\n<div  class=\"module module-text tb_cyjx359    wow\" data-tf-animation=\"fadeInRight\" data-lazy=\"1\">\n\t    <div  class=\"tb_text_wrap\">\n\t\t<p>Wir sind auch ein starker Player im Bereich Handelsmarken und kooperieren mit (Lidl, Tesco, Auchan, Kaufland).<br \/>Unser Unternehmen verf\u00fcgt \u00fcber umfangreiche Erfahrung in der Entwicklung verschiedener Arten von Fruchtriegeln. Wenn Sie daran interessiert sind, Ihre eigene Produktlinie zu starten, setzen Sie sich bitte mit uns in Verbindung. Gerne setzen wir Ihre Vorstellungen individuell um.<\/p>    <\/div>\n<\/div>\n<!-- \/module text -->\t\t<\/div>\n\t\t\t\t\t\t<\/div>\n\t\t<\/div>\n\t\t<\/div>\n<!--\/themify_builder_content-->","protected":false},"excerpt":{"rendered":"<p>SALES Our bars are sold in 15 markets and counting. The main selling channels are global retail supermarkets (Tesco, Spar, Auchan, Delhaize, Colruyt, Selver, Kaupmees, Rimi), local retailers, drug stores (Rossman, DM, M\u00fcller), organic and convenience stores, sports &amp; fitness channels, petrol stations, vending machines. We are excited to get in touch with current and [&hellip;]<\/p>\n","protected":false},"author":1,"featured_media":0,"parent":0,"menu_order":0,"comment_status":"closed","ping_status":"closed","template":"","meta":{"footnotes":""},"_links":{"self":[{"href":"https:\/\/www.sunvita.hu\/de\/wp-json\/wp\/v2\/pages\/1910"}],"collection":[{"href":"https:\/\/www.sunvita.hu\/de\/wp-json\/wp\/v2\/pages"}],"about":[{"href":"https:\/\/www.sunvita.hu\/de\/wp-json\/wp\/v2\/types\/page"}],"author":[{"embeddable":true,"href":"https:\/\/www.sunvita.hu\/de\/wp-json\/wp\/v2\/users\/1"}],"replies":[{"embeddable":true,"href":"https:\/\/www.sunvita.hu\/de\/wp-json\/wp\/v2\/comments?post=1910"}],"version-history":[{"count":1,"href":"https:\/\/www.sunvita.hu\/de\/wp-json\/wp\/v2\/pages\/1910\/revisions"}],"predecessor-version":[{"id":1911,"href":"https:\/\/www.sunvita.hu\/de\/wp-json\/wp\/v2\/pages\/1910\/revisions\/1911"}],"wp:attachment":[{"href":"https:\/\/www.sunvita.hu\/de\/wp-json\/wp\/v2\/media?parent=1910"}],"curies":[{"name":"wp","href":"https:\/\/api.w.org\/{rel}","templated":true}]}}