{"id":1906,"date":"2022-09-22T21:07:22","date_gmt":"2022-09-22T21:07:22","guid":{"rendered":"https:\/\/www.sunvita.hu\/heimat\/"},"modified":"2023-12-20T16:19:35","modified_gmt":"2023-12-20T16:19:35","slug":"heimat","status":"publish","type":"page","link":"https:\/\/www.sunvita.hu\/de\/","title":{"rendered":"Heimat"},"content":{"rendered":"<!--themify_builder_content-->\n<div id=\"themify_builder_content-1906\" data-postid=\"1906\" class=\"themify_builder_content themify_builder_content-1906 themify_builder tf_clear\">\n    \t\t\t\t<div  data-lazy=\"1\" class=\"module_row themify_builder_row fullcover-bg tb_94iq263 tb_first tf_w\">\n\t\t\t<span class=\"builder_row_cover tf_abs\"><\/span>\t\t\t<div class=\"row_inner col_align_top tb_col_count_1 tf_box tf_rel\">\n\t\t\t\t\t\t<div  data-lazy=\"1\" class=\"module_column tb-column col-full tb_fhpk267 first\">\n\t\t\t\t\t\t\t<\/div>\n\t\t\t\t\t\t<\/div>\n\t\t<\/div>\n\t\t\t\t\t\t<div  data-parallax-bg=\"mobile\" data-lazy=\"1\" class=\"module_row themify_builder_row tb_9jhf264 tf_w hide-desktop hide-tablet_landscape\">\n\t\t\t<span class=\"builder_row_cover tf_abs\"><\/span>\t\t\t<div class=\"row_inner col_align_middle tb_col_count_3 tf_box tf_rel\">\n\t\t\t\t\t\t<div  data-lazy=\"1\" class=\"module_column tb-column col3-1 tb_69ib268 first\">\n\t\t\t\t\t\t\t<\/div>\n\t\t\t\t\t<div  data-lazy=\"1\" class=\"module_column tb-column col3-1 tb_ga4c268\">\n\t\t\t\t\t<!-- module image -->\n<div  class=\"module module-image tb_gupv269 image-center   tf_mw\" data-lazy=\"1\">\n        <div class=\"image-wrap tf_rel tf_mw\">\n\t\t    <img loading=\"lazy\" decoding=\"async\" src=\"https:\/\/www.sunvita.hu\/wp-content\/uploads\/2019\/05\/Sunvita-Favicon-512x512-100x100.png\" width=\"100\" height=\"100\" title=\"Heimat\" alt=\"Heimat\">\t\n\t\t<\/div>\n\t<!-- \/image-wrap -->\n    \n    \t<\/div>\n<!-- \/module image --><!-- module buttons -->\n<div  class=\"module module-buttons tb_bixt339 buttons-horizontal outline  small circle\" data-lazy=\"1\">\n\t\t<div class=\"module-buttons-item tf_in_flx\">\n\t\t\t\t\t\t<a href=\"https:\/\/www.sunvita.hu\/de\/kontakt\/\" class=\"ui builder_button tf_in_flx tb_default_color\" >\n\t\t\t\t\t\t\t\t\t\t\t\tKontakt\t\t\t\t\t\t\t\t\t\t<\/a>\n\t\t\t\t<\/div>\n\t\t\t\t\t<div class=\"module-buttons-item tf_in_flx\">\n\t\t\t\t\t\t<a href=\"https:\/\/www.sunvita.hu\/de\/produkte\/\" class=\"ui builder_button tf_in_flx tb_default_color\" >\n\t\t\t\t\t\t\t\t\t\t\t\tProdukte\t\t\t\t\t\t\t\t\t\t<\/a>\n\t\t\t\t<\/div>\n\t\t\t<\/div>\n<!-- \/module buttons -->\n\t\t<\/div>\n\t\t\t\t\t<div  data-lazy=\"1\" class=\"module_column tb-column col3-1 tb_1cfw269 last\">\n\t\t\t\t\t\t\t<\/div>\n\t\t\t\t\t\t<\/div>\n\t\t<\/div>\n\t\t\t\t\t\t<div  data-parallax-bg=\"mobile\" data-lazy=\"1\" class=\"module_row themify_builder_row fullheight tb_hc87264 tf_w hide-tablet hide-mobile\">\n\t\t\t<span class=\"builder_row_cover tf_abs\"><\/span>\t\t\t<div class=\"row_inner col_align_top tb_col_count_1 tf_box tf_rel\">\n\t\t\t\t\t\t<div  data-lazy=\"1\" class=\"module_column tb-column col-full tb_k2nh270 first\">\n\t\t\t\t\t\t\t<div  data-lazy=\"1\" class=\"module_subrow themify_builder_sub_row tf_w col_align_top tb_col_count_3 tb_v0d5271 wow\" data-tf-animation=\"fadeIn\">\n\t\t\t\t<div  data-lazy=\"1\" class=\"module_column sub_column col3-1 tb_wijg271 first\">\n\t\t\t\t\t\t\t<\/div>\n\t\t\t\t\t<div  data-lazy=\"1\" class=\"module_column sub_column col3-1 tb_1x8n271\">\n\t\t\t\t\t<!-- module image -->\n<div  class=\"module module-image tb_691e272 image-center   tf_mw\" data-lazy=\"1\">\n        <div class=\"image-wrap tf_rel tf_mw\">\n\t\t    <img loading=\"lazy\" decoding=\"async\" src=\"https:\/\/www.sunvita.hu\/wp-content\/uploads\/2019\/05\/Sunvita-Favicon-512x512-250x250.png\" width=\"250\" height=\"250\" title=\"Heimat\" alt=\"Heimat\">\t\n\t\t<\/div>\n\t<!-- \/image-wrap -->\n    \n    \t<\/div>\n<!-- \/module image -->\t\t<\/div>\n\t\t\t\t\t<div  data-lazy=\"1\" class=\"module_column sub_column col3-1 tb_s2mm272 last\">\n\t\t\t\t\t\t\t<\/div>\n\t\t\t\t\t<\/div>\n\t\t\t\t<div  data-lazy=\"1\" class=\"module_subrow themify_builder_sub_row tf_w col_align_top tb_col_count_1 tb_x26f273 wow\" data-tf-animation=\"fadeIn\">\n\t\t\t\t<div  data-lazy=\"1\" class=\"module_column sub_column col-full tb_m601273 first\">\n\t\t\t\t\t<!-- module buttons -->\n<div  class=\"module module-buttons tb_s2ll275 buttons-horizontal outline  large circle\" data-lazy=\"1\">\n\t\t<div class=\"module-buttons-item tf_in_flx\">\n\t\t\t\t\t\t<a href=\"https:\/\/www.sunvita.hu\/de\/kontakt\/\" class=\"ui builder_button tf_in_flx tb_default_color\" >\n\t\t\t\t\t\t\t\t\t\t\t\tKontakt\t\t\t\t\t\t\t\t\t\t<\/a>\n\t\t\t\t<\/div>\n\t\t\t\t\t<div class=\"module-buttons-item tf_in_flx\">\n\t\t\t\t\t\t<a href=\"https:\/\/www.sunvita.hu\/de\/produkte\/\" class=\"ui builder_button tf_in_flx tb_default_color\" >\n\t\t\t\t\t\t\t\t\t\t\t\tProdukte\t\t\t\t\t\t\t\t\t\t<\/a>\n\t\t\t\t<\/div>\n\t\t\t<\/div>\n<!-- \/module buttons -->\n\t\t<\/div>\n\t\t\t\t\t<\/div>\n\t\t\t\t<\/div>\n\t\t\t\t\t\t<\/div>\n\t\t<\/div>\n\t\t\t\t\t\t<div  data-anchor=\"discover\" data-lazy=\"1\" class=\"module_row themify_builder_row tb_has_section tb_section-discover tb_yx8h264 tf_w\">\n\t\t\t\t\t\t<div class=\"row_inner col_align_top tb_col_count_1 tf_box tf_rel\">\n\t\t\t\t\t\t<div  data-lazy=\"1\" class=\"module_column tb-column col-full tb_3mch276 first\">\n\t\t\t\t\t<!-- module image -->\n<div  class=\"module module-image tb_o6te277 image-top   tf_mw\" data-lazy=\"1\">\n        <div class=\"image-wrap tf_rel tf_mw\">\n\t\t    <img decoding=\"async\" src=\"https:\/\/www.sunvita.hu\/wp-content\/uploads\/2019\/08\/Ind\u00e1k-201x134.png\" title=\"Heimat\" alt=\"Heimat\">\t\n\t\t<\/div>\n\t<!-- \/image-wrap -->\n    \n    \t<\/div>\n<!-- \/module image --><!-- module text -->\n<div  class=\"module module-text tb_06yx277    wow\" data-tf-animation=\"fadeInDown\" data-lazy=\"1\">\n\t    <div  class=\"tb_text_wrap\">\n\t\t<h1>Warum lieben Menschen Sunvita Fruchtriegel?<\/h1>    <\/div>\n<\/div>\n<!-- \/module text --><!-- module text -->\n<div  class=\"module module-text tb_73pz277    wow\" data-tf-animation=\"fadeInUp\" data-lazy=\"1\">\n\t    <div  class=\"tb_text_wrap\">\n\t\t<p>Sie enthalten nicht nur Obst, sondern sind auch eine schmackhafte Ballaststoff- und Energiequelle. Wir stellen unsere Riegel aus reiner Frucht und ohne Zuckerzusatz, ohne k\u00fcnstliche Aromen, S\u00fc\u00dfstoffe oder Farbstoffe her. Das bedeutet schuldfreies Naschen in dem Wissen, dass diese gesunden Snacks nur Vollwertzutaten enthalten.<\/p>    <\/div>\n<\/div>\n<!-- \/module text -->\t\t<div  data-lazy=\"1\" class=\"module_subrow themify_builder_sub_row tf_w col_align_top gutter-none tb_col_count_4 tb_82h8278\">\n\t\t\t\t<div  data-lazy=\"1\" class=\"module_column sub_column col4-1 tb_tgpe278 first\">\n\t\t\t\t\t\t\t<\/div>\n\t\t\t\t\t<div  data-lazy=\"1\" class=\"module_column sub_column col4-1 tb_012o279\">\n\t\t\t\t\t\t\t<\/div>\n\t\t\t\t\t<div  data-lazy=\"1\" class=\"module_column sub_column col4-1 tb_bkbm279\">\n\t\t\t\t\t<!-- module image -->\n<div  class=\"module module-image tb_svea279 image-top   tf_mw\" data-lazy=\"1\">\n        <div class=\"image-wrap tf_rel tf_mw\">\n\t\t    <img decoding=\"async\" src=\"https:\/\/www.sunvita.hu\/wp-content\/uploads\/2019\/08\/Szeder-325x171.png\" title=\"Heimat\" alt=\"Heimat\">\t\n\t\t<\/div>\n\t<!-- \/image-wrap -->\n    \n    \t<\/div>\n<!-- \/module image -->\t\t<\/div>\n\t\t\t\t\t<div  data-lazy=\"1\" class=\"module_column sub_column col4-1 tb_2k7q280 last\">\n\t\t\t\t\t<!-- module image -->\n<div  class=\"module module-image tb_x7sp280 image-top   tf_mw\" data-lazy=\"1\">\n        <div class=\"image-wrap tf_rel tf_mw\">\n\t\t    <img decoding=\"async\" src=\"https:\/\/www.sunvita.hu\/wp-content\/uploads\/2019\/08\/Meggy-2017x207.png\" title=\"Heimat\" alt=\"Heimat\">\t\n\t\t<\/div>\n\t<!-- \/image-wrap -->\n    \n    \t<\/div>\n<!-- \/module image -->\t\t<\/div>\n\t\t\t\t\t<\/div>\n\t\t\t\t<\/div>\n\t\t\t\t\t\t<\/div>\n\t\t<\/div>\n\t\t\t\t\t\t<div  data-lazy=\"1\" class=\"module_row themify_builder_row tb_5lbr264 tf_w\">\n\t\t\t\t\t\t<div class=\"row_inner col_align_top tb_col_count_1 tf_box tf_rel\">\n\t\t\t\t\t\t<div  data-lazy=\"1\" class=\"module_column tb-column col-full tb_1791281 first\">\n\t\t\t\t\t\t\t<div  data-lazy=\"1\" class=\"module_subrow themify_builder_sub_row tf_w col_align_top tb_col_count_1 tb_gl22282\">\n\t\t\t\t<div  data-lazy=\"1\" class=\"module_column sub_column col-full tb_598j282 first\">\n\t\t\t\t\t<!-- module image -->\n<div  class=\"module module-image tb_ftun282 image-center   tf_mw hide-mobile\" data-lazy=\"1\">\n        <div class=\"image-wrap tf_rel tf_mw\">\n\t\t    <img loading=\"lazy\" decoding=\"async\" src=\"https:\/\/www.sunvita.hu\/wp-content\/uploads\/2019\/08\/Eper-\u00e9s-Levelek-431x191-350x155.png\" width=\"350\" height=\"155\" title=\"Heimat\" alt=\"Heimat\">\t\n\t\t<\/div>\n\t<!-- \/image-wrap -->\n    \n    \t<\/div>\n<!-- \/module image -->\t\t<\/div>\n\t\t\t\t\t<\/div>\n\t\t\t\t<div  data-lazy=\"1\" class=\"module_subrow themify_builder_sub_row tf_w col_align_middle gutter-none tb_col_count_2 tb_jjia283\">\n\t\t\t\t<div  data-lazy=\"1\" class=\"module_column sub_column tb_gotm283 first\">\n\t\t\t\t\t<!-- module text -->\n<div  class=\"module module-text tb_rh2a283    wow\" data-tf-animation=\"fadeInLeft\" data-lazy=\"1\">\n\t    <div  class=\"tb_text_wrap\">\n\t\t<h1>Produkte<\/h1>    <\/div>\n<\/div>\n<!-- \/module text --><!-- module text -->\n<div  class=\"module module-text tb_6g76284    wow\" data-tf-animation=\"fadeInLeft\" data-lazy=\"1\">\n\t    <div  class=\"tb_text_wrap\">\n\t\t<p>F\u00fcr wen sind unsere Fruchtriegel? Familien, die von der Schule Fu\u00dfball spielen gehen, Studenten, die eine gesunde Snackbar brauchen, oder Reisende, die genug von ungesunden Snacks am Flughafen haben. Unsere Fruchtriegel sind ein Snack, bei dem sich jeder wohlf\u00fchlen kann. Fruchtriegel sind die nat\u00fcrliche Energiequelle f\u00fcr unterwegs und zwischendurch<\/p>    <\/div>\n<\/div>\n<!-- \/module text --><!-- module buttons -->\n<div  class=\"module module-buttons tb_5w4y284 buttons-horizontal outline  circle wow\" data-tf-animation=\"fadeInLeft\" data-lazy=\"1\">\n\t\t<div class=\"module-buttons-item tf_in_flx\">\n\t\t\t\t\t\t<a href=\"https:\/\/www.sunvita.hu\/de\/produkte\/\" class=\"ui builder_button tf_in_flx transparent\" >\n\t\t\t\t\t\t\t\t\t\t\t\tMehr\t\t\t\t\t\t\t\t\t\t<\/a>\n\t\t\t\t<\/div>\n\t\t\t<\/div>\n<!-- \/module buttons -->\n\t\t<\/div>\n\t\t\t\t\t<div  data-lazy=\"1\" class=\"module_column sub_column tb_qs3b285 last\">\n\t\t\t\t\t<!-- module image -->\n<div  class=\"module module-image tb_zjuo285 image-center   tf_mw wow\" data-tf-animation=\"fadeInRight\" data-lazy=\"1\">\n        <div class=\"image-wrap tf_rel tf_mw\">\n\t\t    <img decoding=\"async\" src=\"https:\/\/www.sunvita.hu\/wp-content\/uploads\/2019\/08\/Term\u00e9keink-1000x800.png\" title=\"Heimat\" alt=\"Heimat\">\t\n\t\t<\/div>\n\t<!-- \/image-wrap -->\n    \n    \t<\/div>\n<!-- \/module image -->\t\t<\/div>\n\t\t\t\t\t<\/div>\n\t\t\t\t<\/div>\n\t\t\t\t\t\t<\/div>\n\t\t<\/div>\n\t\t\t\t\t\t<div  data-lazy=\"1\" class=\"module_row themify_builder_row tb_r9r8264 tf_w\">\n\t\t\t\t\t\t<div class=\"row_inner col_align_top tb_col_count_1 tf_box tf_rel\">\n\t\t\t\t\t\t<div  data-lazy=\"1\" class=\"module_column tb-column col-full tb_esfg286 first\">\n\t\t\t\t\t\t\t<div  data-lazy=\"1\" class=\"module_subrow themify_builder_sub_row tf_w col_align_top tb_col_count_2 tb_aekn286 hide-mobile\">\n\t\t\t\t<div  data-lazy=\"1\" class=\"module_column sub_column col4-2 tb_axzg287 first\">\n\t\t\t\t\t\t\t<\/div>\n\t\t\t\t\t<div  data-lazy=\"1\" class=\"module_column sub_column col4-2 tb_rkjv287 last\">\n\t\t\t\t\t<!-- module image -->\n<div  class=\"module module-image tb_orli287 image-top   tf_mw\" data-lazy=\"1\">\n        <div class=\"image-wrap tf_rel tf_mw\">\n\t\t    <img decoding=\"async\" src=\"https:\/\/www.sunvita.hu\/wp-content\/uploads\/2019\/08\/\u00c1fonya-205x130.png\" title=\"Heimat\" alt=\"Heimat\">\t\n\t\t<\/div>\n\t<!-- \/image-wrap -->\n    \n    \t<\/div>\n<!-- \/module image -->\t\t<\/div>\n\t\t\t\t\t<\/div>\n\t\t\t\t<div  data-lazy=\"1\" class=\"module_subrow themify_builder_sub_row tf_w col_align_middle tb_col_count_2 tb_m0hi288\">\n\t\t\t\t<div  data-lazy=\"1\" class=\"module_column sub_column col4-2 tb_lf9s288 first\">\n\t\t\t\t\t<!-- module image -->\n<div  class=\"module module-image tb_6www289 image-center   tf_mw\" data-lazy=\"1\">\n        <div class=\"image-wrap tf_rel tf_mw\">\n\t\t    <img decoding=\"async\" src=\"https:\/\/www.sunvita.hu\/wp-content\/uploads\/2019\/08\/Eper-\u00e9s-Levelek-431x191.png\" title=\"Heimat\" alt=\"Heimat\">\t\n\t\t<\/div>\n\t<!-- \/image-wrap -->\n    \n    \t<\/div>\n<!-- \/module image -->\t\t<\/div>\n\t\t\t\t\t<div  data-lazy=\"1\" class=\"module_column sub_column col4-2 tb_96jk289 last\">\n\t\t\t\t\t<!-- module text -->\n<div  class=\"module module-text tb_z6y0290    wow\" data-tf-animation=\"fadeInRight\" data-lazy=\"1\">\n\t    <div  class=\"tb_text_wrap\">\n\t\t<h1>\u00dcber uns<\/h1>    <\/div>\n<\/div>\n<!-- \/module text --><!-- module text -->\n<div  class=\"module module-text tb_gjn7291    wow\" data-tf-animation=\"fadeInRight\" data-lazy=\"1\">\n\t    <div  class=\"tb_text_wrap\">\n\t\t<p>Unser Sunvita-Team ist bestrebt, jedes einzelne Produkt mit gr\u00f6\u00dfter Sorgfalt und hoher Qualit\u00e4t herzustellen, damit jeder jeden Tag Freude daran haben kann.<\/p>    <\/div>\n<\/div>\n<!-- \/module text --><!-- module buttons -->\n<div  class=\"module module-buttons tb_3seu292 buttons-horizontal outline  circle wow\" data-tf-animation=\"fadeInRight\" data-lazy=\"1\">\n\t\t<div class=\"module-buttons-item tf_in_flx\">\n\t\t\t\t\t\t<a href=\"https:\/\/www.sunvita.hu\/de\/firma\/\" class=\"ui builder_button tf_in_flx transparent\" >\n\t\t\t\t\t\t\t\t\t\t\t\tMehr\t\t\t\t\t\t\t\t\t\t<\/a>\n\t\t\t\t<\/div>\n\t\t\t<\/div>\n<!-- \/module buttons -->\n\t\t<\/div>\n\t\t\t\t\t<\/div>\n\t\t\t\t<div  data-lazy=\"1\" class=\"module_subrow themify_builder_sub_row tf_w col_align_top tb_col_count_1 tb_kwpg292\">\n\t\t\t\t<div  data-lazy=\"1\" class=\"module_column sub_column col-full tb_4410293 first\">\n\t\t\t\t\t<!-- module image -->\n<div  class=\"module module-image tb_nyg1293 image-top   tf_mw\" data-lazy=\"1\">\n        <div class=\"image-wrap tf_rel tf_mw\">\n\t\t    <img decoding=\"async\" src=\"https:\/\/www.sunvita.hu\/wp-content\/uploads\/2019\/08\/Ind\u00e1k-201x134.png\" title=\"Heimat\" alt=\"Heimat\">\t\n\t\t<\/div>\n\t<!-- \/image-wrap -->\n    \n    \t<\/div>\n<!-- \/module image -->\t\t<\/div>\n\t\t\t\t\t<\/div>\n\t\t\t\t<\/div>\n\t\t\t\t\t\t<\/div>\n\t\t<\/div>\n\t\t<\/div>\n<!--\/themify_builder_content-->","protected":false},"excerpt":{"rendered":"<p>Kontakt Produkte Kontakt Produkte Warum lieben Menschen Sunvita Fruchtriegel? Sie enthalten nicht nur Obst, sondern sind auch eine schmackhafte Ballaststoff- und Energiequelle. Wir stellen unsere Riegel aus reiner Frucht und ohne Zuckerzusatz, ohne k\u00fcnstliche Aromen, S\u00fc\u00dfstoffe oder Farbstoffe her. Das bedeutet schuldfreies Naschen in dem Wissen, dass diese gesunden Snacks nur Vollwertzutaten enthalten. Produkte F\u00fcr [&hellip;]<\/p>\n","protected":false},"author":1,"featured_media":0,"parent":0,"menu_order":0,"comment_status":"closed","ping_status":"closed","template":"","meta":{"footnotes":""},"_links":{"self":[{"href":"https:\/\/www.sunvita.hu\/de\/wp-json\/wp\/v2\/pages\/1906"}],"collection":[{"href":"https:\/\/www.sunvita.hu\/de\/wp-json\/wp\/v2\/pages"}],"about":[{"href":"https:\/\/www.sunvita.hu\/de\/wp-json\/wp\/v2\/types\/page"}],"author":[{"embeddable":true,"href":"https:\/\/www.sunvita.hu\/de\/wp-json\/wp\/v2\/users\/1"}],"replies":[{"embeddable":true,"href":"https:\/\/www.sunvita.hu\/de\/wp-json\/wp\/v2\/comments?post=1906"}],"version-history":[{"count":10,"href":"https:\/\/www.sunvita.hu\/de\/wp-json\/wp\/v2\/pages\/1906\/revisions"}],"predecessor-version":[{"id":2045,"href":"https:\/\/www.sunvita.hu\/de\/wp-json\/wp\/v2\/pages\/1906\/revisions\/2045"}],"wp:attachment":[{"href":"https:\/\/www.sunvita.hu\/de\/wp-json\/wp\/v2\/media?parent=1906"}],"curies":[{"name":"wp","href":"https:\/\/api.w.org\/{rel}","templated":true}]}}